{"id":8483,"date":"2022-07-21T07:23:25","date_gmt":"2022-07-21T07:23:25","guid":{"rendered":"https:\/\/me.techvision-ks.com\/?page_id=8483"},"modified":"2023-04-13T08:06:30","modified_gmt":"2023-04-13T08:06:30","slug":"komisioni-nderministror-per-privatizimin-np","status":"publish","type":"page","link":"https:\/\/me.rks-gov.net\/njpmnp\/komisioni-nderministror-per-privatizimin-np\/","title":{"rendered":"Komisioni Nd\u00ebrministror p\u00ebr privatizimin NP"},"content":{"rendered":"<div class=\"fusion-fullwidth fullwidth-box fusion-builder-row-1 fusion-flex-container has-pattern-background has-mask-background nonhundred-percent-fullwidth non-hundred-percent-height-scrolling\" style=\"background-color: rgba(255,255,255,0);background-position: center center;background-repeat: no-repeat;border-width: 0px 0px 0px 0px;border-color:var(--awb-color3);border-style:solid;\" ><div class=\"fusion-builder-row fusion-row fusion-flex-align-items-flex-start\" style=\"max-width:1664px;margin-left: calc(-4% \/ 2 );margin-right: calc(-4% \/ 2 );\"><div class=\"fusion-layout-column fusion_builder_column fusion-builder-column-0 fusion_builder_column_1_1 1_1 fusion-flex-column pageMargin\"><div class=\"fusion-column-wrapper fusion-flex-justify-content-flex-start fusion-content-layout-column\" style=\"background-position:left top;background-repeat:no-repeat;-webkit-background-size:cover;-moz-background-size:cover;-o-background-size:cover;background-size:cover;padding: 0px 0px 0px 0px;\"><div class=\"fusion-text fusion-text-1\" style=\"margin-top:15px;\"><h4>Komisioni Nd\u00ebrministror p\u00ebr privatizimin NP<\/h4>\n<div id=\"gtx-trans\">\n<div class=\"gtx-trans-icon\"><\/div>\n<\/div>\n<\/div><div class=\"fusion-section-separator section-separator bigtriangle fusion-section-separator-1\" style=\"margin-bottom:35px;\"><div class=\"fusion-section-separator-svg\" style=\"padding:0;\"><svg class=\"fusion-big-triangle-candy\" xmlns=\"http:\/\/www.w3.org\/2000\/svg\" version=\"1.1\" width=\"100%\" height=\"100\" viewBox=\"0 0 100 100\" preserveAspectRatio=\"none\" style=\"padding:0;\" fill=\"rgba(249,249,251,1)\"><path d=\"M0 100 L50 2 L100 100 Z\"><\/path><\/svg><\/div><div class=\"fusion-section-separator-spacer\"><div class=\"fusion-section-separator-spacer-height\" style=\"height:99px;\"><\/div><\/div><style type=\"text\/css\">.fusion-section-separator-1 .fusion-section-separator-svg {margin-left:1.92%;margin-right:1.92%;}@media only screen and (max-width:1150px) {.fusion-section-separator-1 .fusion-section-separator-svg {margin-left:1.92%;margin-right:1.92%;}}@media only screen and (max-width:640px) {.fusion-section-separator-1 .fusion-section-separator-svg {margin-left:1.92%;margin-right:1.92%;}}.fusion-section-separator.fusion-section-separator-1 .fusion-section-separator-svg svg,.fusion-section-separator.fusion-section-separator-1 .fusion-section-separator-svg-bg{height:5px;}.fusion-section-separator.fusion-section-separator-1 .fusion-section-separator-spacer-height{height:5px !important;padding-top:inherit !important;}<\/style><\/div><div class=\"fusion-text fusion-text-2 fusion-text-no-margin\" style=\"margin-bottom:55px;\"><p>Komisionet nd\u00ebrministror p\u00ebr privatizimin e Nd\u00ebrmarrjeve Publike<\/p>\n<p>N\u00eb baz\u00eb t\u00eb ligjit Nr.03\/L.087 p\u00ebr Nd\u00ebrmarrjet Publike Neni 9.1Aksionet n\u00eb nj\u00eb NP Qendrore mund t\u00eb shiten lirisht n\u00ebse Qeveria miraton nj\u00eb vendim me shkrim me t\u00eb cilin autorizohet nj\u00eb Komisiom Qeveritar p\u00ebr Privatizim p\u00ebr t\u00eb vazhduar me tenderimin dhe shitjen e aksioneve, me kusht q\u00eb ky vendim t\u00eb miratohet me shumic\u00eb t\u00eb thjesht\u00eb votash nga Kuvendi i Kosov\u00ebs.<\/p>\n<p>Secili Komision Qeveritar p\u00ebr Privatizim p\u00ebrb\u00ebhet nga pes\u00eb an\u00ebtar\u00eb dy an\u00ebtar\u00eb jan\u00eb t\u00eb p\u00ebrhersh\u00ebm.<\/p>\n<p>Ministri i Financave i cili e kryeson komisionin<\/p>\n<p>Ministri i Tregtis\u00eb dhe Industris\u00eb &#8211; An\u00ebtar<\/p>\n<p>Ministri i Ministris\u00eb\u00a0 s\u00eb linj\u00ebs p\u00ebr t\u00eb cil\u00ebn \u00ebsht\u00eb formuar Komisioni p\u00ebr Privatizim dhe n\u00eb secilin Komison p\u00ebr Privatizim duhet t\u00eb marr\u00eb pjes\u00eb nj\u00eb Minist\u00ebr nga komuniteti jo shumic\u00eb.<\/p>\n<\/div><div class=\"fusion-text fusion-text-3\" style=\"margin-top:10px;\"><p><strong>Vendimet e komisionit nd\u00ebrministror p\u00ebr privatizim<\/strong><\/p>\n<\/div><div class=\"fusion-text fusion-text-4\"><ul>\n<li><a href=\"https:\/\/me.rks-gov.net\/npmnp\/repository\/docs\/nr_14_24.pdf\" target=\"_blank\" rel=\"noopener\">Vendimi nr 14\/26 &#8211; dat\u00eb:12.06.2008<\/a><\/li>\n<li><a href=\"https:\/\/me.rks-gov.net\/npmnp\/repository\/docs\/nr_8_39.pdf\" target=\"_blank\" rel=\"noopener\">Vendimi nr 08\/39 &#8211; dat\u00eb:08.10.2008<\/a><\/li>\n<li><a href=\"https:\/\/me.rks-gov.net\/npmnp\/repository\/docs\/nr_02_41.pdf\" target=\"_blank\" rel=\"noopener\">Vendimi nr 02\/41 &#8211; dat\u00eb:23.10.2008<\/a><\/li>\n<\/ul>\n<\/div><div class=\"fusion-builder-row fusion-builder-row-inner fusion-row fusion-flex-align-items-flex-start\" style=\"width:104% !important;max-width:104% !important;margin-left: calc(-4% \/ 2 );margin-right: calc(-4% \/ 2 );\"><div class=\"fusion-layout-column fusion_builder_column_inner fusion-builder-nested-column-0 fusion_builder_column_inner_1_2 1_2 fusion-flex-column\"><div class=\"fusion-column-wrapper fusion-flex-justify-content-flex-start fusion-content-layout-column\" style=\"background-position:left top;background-repeat:no-repeat;-webkit-background-size:cover;-moz-background-size:cover;-o-background-size:cover;background-size:cover;padding: 0px 0px 0px 0px;\"><div ><style>.fusion-body .fusion-button.button-1 .fusion-button-text,.fusion-body .fusion-button.button-1 i{color:var(--awb-color7);}.fusion-body .fusion-button.button-1{border-color:var(--awb-color4);border-width:1px 1px 1px 1px;border-radius:4px 4px 4px 4px;background:var(--awb-color1);}.fusion-body .fusion-button.button-1:hover .fusion-button-text,.fusion-body .fusion-button.button-1:hover i,.fusion-body .fusion-button.button-1:focus .fusion-button-text,.fusion-body .fusion-button.button-1:focus i,.fusion-body .fusion-button.button-1:active .fusion-button-text,.fusion-body .fusion-button.button-1:active i{color:var(--awb-color6);}.fusion-body .fusion-button.button-1:hover,.fusion-body .fusion-button.button-1:active,.fusion-body .fusion-button.button-1:focus{border-color:var(--awb-color4);border-width:1px 1px 1px 1px;background:var(--awb-color3);}<\/style><a class=\"fusion-button button-flat button-xlarge button-custom button-1 fusion-button-span-yes fusion-button-default-type\" target=\"_self\" href=\"\/njpmnp\/ptk-2\" style=\"margin-top:20px;\"><span class=\"fusion-button-text\">PTK<\/span><\/a><\/div><\/div><style type=\"text\/css\">.fusion-body .fusion-builder-nested-column-0{width:50% !important;margin-top : 0px;margin-bottom : 20px;}.fusion-builder-nested-column-0 > .fusion-column-wrapper {padding-top : 0px !important;padding-right : 0px !important;margin-right : 3.84%;padding-bottom : 0px !important;padding-left : 0px !important;margin-left : 3.84%;}@media only screen and (max-width:1150px) {.fusion-body .fusion-builder-nested-column-0{width:50% !important;order : 0;}.fusion-builder-nested-column-0 > .fusion-column-wrapper {margin-right : 3.84%;margin-left : 3.84%;}}@media only screen and (max-width:640px) {.fusion-body .fusion-builder-nested-column-0{width:100% !important;order : 0;}.fusion-builder-nested-column-0 > .fusion-column-wrapper {margin-right : 1.92%;margin-left : 1.92%;}}<\/style><\/div><div class=\"fusion-layout-column fusion_builder_column_inner fusion-builder-nested-column-1 fusion_builder_column_inner_1_2 1_2 fusion-flex-column\"><div class=\"fusion-column-wrapper fusion-flex-justify-content-flex-start fusion-content-layout-column\" style=\"background-position:left top;background-repeat:no-repeat;-webkit-background-size:cover;-moz-background-size:cover;-o-background-size:cover;background-size:cover;padding: 0px 0px 0px 0px;\"><div ><style>.fusion-body .fusion-button.button-2 .fusion-button-text,.fusion-body .fusion-button.button-2 i{color:var(--awb-color7);}.fusion-body .fusion-button.button-2{border-color:var(--awb-color4);border-width:1px 1px 1px 1px;border-radius:4px 4px 4px 4px;background:var(--awb-color1);}.fusion-body .fusion-button.button-2:hover .fusion-button-text,.fusion-body .fusion-button.button-2:hover i,.fusion-body .fusion-button.button-2:focus .fusion-button-text,.fusion-body .fusion-button.button-2:focus i,.fusion-body .fusion-button.button-2:active .fusion-button-text,.fusion-body .fusion-button.button-2:active i{color:var(--awb-color6);}.fusion-body .fusion-button.button-2:hover,.fusion-body .fusion-button.button-2:active,.fusion-body .fusion-button.button-2:focus{border-color:var(--awb-color4);border-width:1px 1px 1px 1px;background:var(--awb-color3);}<\/style><a class=\"fusion-button button-flat button-xlarge button-custom button-2 fusion-button-span-yes fusion-button-default-type\" target=\"_self\" href=\"\/njpmnp\/kkdfe\" style=\"margin-top:20px;\"><span class=\"fusion-button-text\">KKDFE<\/span><\/a><\/div><\/div><style type=\"text\/css\">.fusion-body .fusion-builder-nested-column-1{width:50% !important;margin-top : 0px;margin-bottom : 20px;}.fusion-builder-nested-column-1 > .fusion-column-wrapper {padding-top : 0px !important;padding-right : 0px !important;margin-right : 3.84%;padding-bottom : 0px !important;padding-left : 0px !important;margin-left : 3.84%;}@media only screen and (max-width:1150px) {.fusion-body .fusion-builder-nested-column-1{width:50% !important;order : 0;}.fusion-builder-nested-column-1 > .fusion-column-wrapper {margin-right : 3.84%;margin-left : 3.84%;}}@media only screen and (max-width:640px) {.fusion-body .fusion-builder-nested-column-1{width:100% !important;order : 0;}.fusion-builder-nested-column-1 > .fusion-column-wrapper {margin-right : 1.92%;margin-left : 1.92%;}}<\/style><\/div><\/div><\/div><style type=\"text\/css\">.fusion-body .fusion-builder-column-0{width:100% !important;margin-top : 0px;margin-bottom : 20px;}.fusion-builder-column-0 > .fusion-column-wrapper {padding-top : 0px !important;padding-right : 0px !important;margin-right : 1.92%;padding-bottom : 0px !important;padding-left : 0px !important;margin-left : 1.92%;}@media only screen and (max-width:1150px) {.fusion-body .fusion-builder-column-0{width:100% !important;order : 0;}.fusion-builder-column-0 > .fusion-column-wrapper {margin-right : 1.92%;margin-left : 1.92%;}}@media only screen and (max-width:640px) {.fusion-body .fusion-builder-column-0{width:100% !important;order : 0;}.fusion-builder-column-0 > .fusion-column-wrapper {margin-right : 1.92%;margin-left : 1.92%;}}<\/style><\/div><\/div><style type=\"text\/css\">.fusion-body .fusion-flex-container.fusion-builder-row-1{ padding-top : 0px;margin-top : 0px;padding-right : 0px;padding-bottom : 0px;margin-bottom : 0px;padding-left : 0px;}<\/style><\/div>\n","protected":false},"excerpt":{"rendered":"","protected":false},"author":1,"featured_media":0,"parent":0,"menu_order":0,"comment_status":"closed","ping_status":"closed","template":"","meta":{"pgc_sgb_lightbox_settings":""},"_links":{"self":[{"href":"https:\/\/me.rks-gov.net\/njpmnp\/wp-json\/wp\/v2\/pages\/8483"}],"collection":[{"href":"https:\/\/me.rks-gov.net\/njpmnp\/wp-json\/wp\/v2\/pages"}],"about":[{"href":"https:\/\/me.rks-gov.net\/njpmnp\/wp-json\/wp\/v2\/types\/page"}],"author":[{"embeddable":true,"href":"https:\/\/me.rks-gov.net\/njpmnp\/wp-json\/wp\/v2\/users\/1"}],"replies":[{"embeddable":true,"href":"https:\/\/me.rks-gov.net\/njpmnp\/wp-json\/wp\/v2\/comments?post=8483"}],"version-history":[{"count":39,"href":"https:\/\/me.rks-gov.net\/njpmnp\/wp-json\/wp\/v2\/pages\/8483\/revisions"}],"predecessor-version":[{"id":12783,"href":"https:\/\/me.rks-gov.net\/njpmnp\/wp-json\/wp\/v2\/pages\/8483\/revisions\/12783"}],"wp:attachment":[{"href":"https:\/\/me.rks-gov.net\/njpmnp\/wp-json\/wp\/v2\/media?parent=8483"}],"curies":[{"name":"wp","href":"https:\/\/api.w.org\/{rel}","templated":true}]}}