{"id":8478,"date":"2022-07-21T07:19:33","date_gmt":"2022-07-21T07:19:33","guid":{"rendered":"https:\/\/me.techvision-ks.com\/?page_id=8478"},"modified":"2024-12-10T13:43:20","modified_gmt":"2024-12-10T13:43:20","slug":"komisioni-nderministror-per-np","status":"publish","type":"page","link":"https:\/\/me.rks-gov.net\/njpmnp\/komisioni-nderministror-per-np\/","title":{"rendered":"Komisioni i Ministrave p\u00ebr Nd\u00ebrmarrje Publike"},"content":{"rendered":"<div class=\"fusion-fullwidth fullwidth-box fusion-builder-row-1 fusion-flex-container has-pattern-background has-mask-background nonhundred-percent-fullwidth non-hundred-percent-height-scrolling\" style=\"background-color: rgba(255,255,255,0);background-position: center center;background-repeat: no-repeat;border-width: 0px 0px 0px 0px;border-color:var(--awb-color3);border-style:solid;\" ><div class=\"fusion-builder-row fusion-row fusion-flex-align-items-flex-start\" style=\"max-width:1664px;margin-left: calc(-4% \/ 2 );margin-right: calc(-4% \/ 2 );\"><div class=\"fusion-layout-column fusion_builder_column fusion-builder-column-0 fusion_builder_column_1_1 1_1 fusion-flex-column pageMargin\"><div class=\"fusion-column-wrapper fusion-flex-justify-content-flex-start fusion-content-layout-column\" style=\"background-position:left top;background-repeat:no-repeat;-webkit-background-size:cover;-moz-background-size:cover;-o-background-size:cover;background-size:cover;padding: 0px 0px 0px 0px;\"><div class=\"fusion-text fusion-text-1\" style=\"margin-top:15px;\"><h4>Komisioni i Ministrave p\u00ebr Nd\u00ebrmarrje Publike<\/h4>\n<\/div><div class=\"fusion-section-separator section-separator big-half-circle fusion-section-separator-1\" style=\"margin-bottom:35px;\"><div class=\"fusion-section-separator-svg\" style=\"padding:0;\"><svg class=\"fusion-big-half-circle-candy\" xmlns=\"http:\/\/www.w3.org\/2000\/svg\" version=\"1.1\" width=\"100%\" height=\"100\" viewBox=\"0 0 100 100\" preserveAspectRatio=\"none\" style=\"padding:0;\" fill=\"rgba(249,249,251,1)\"><path d=\"M0 100 C40 0 60 0 100 100 Z\"><\/path><\/svg><\/div><div class=\"fusion-section-separator-spacer\"><div class=\"fusion-section-separator-spacer-height\" style=\"height:99px;\"><\/div><\/div><style type=\"text\/css\">.fusion-section-separator-1 .fusion-section-separator-svg {margin-left:1.92%;margin-right:1.92%;}@media only screen and (max-width:1150px) {.fusion-section-separator-1 .fusion-section-separator-svg {margin-left:1.92%;margin-right:1.92%;}}@media only screen and (max-width:640px) {.fusion-section-separator-1 .fusion-section-separator-svg {margin-left:1.92%;margin-right:1.92%;}}.fusion-section-separator.fusion-section-separator-1 .fusion-section-separator-svg svg,.fusion-section-separator.fusion-section-separator-1 .fusion-section-separator-svg-bg{height:5px;}.fusion-section-separator.fusion-section-separator-1 .fusion-section-separator-spacer-height{height:5px !important;padding-top:inherit !important;}<\/style><\/div><div class=\"fusion-text fusion-text-2\"><p><strong>N\u00eb baz\u00eb t\u00eb ligjit Nr.03\/L.087 p\u00ebr Nd\u00ebrmarrjet Publike<\/strong><\/p>\n<\/div><div class=\"fusion-text fusion-text-3\"><p>Qeveria ka kompetenc\u00ebn ekskluzive p\u00ebr ushtrimin e t\u00eb drejtave t\u00eb aksionarit t\u00eb Republik\u00ebs s\u00eb Kosov\u00ebs n\u00eb NP -t\u00eb Qendrore.<\/p>\n<p>M\u00eb qellim t\u00eb p\u00ebrgatitjes s\u00eb debatit n\u00eb Qeveri,nj\u00eb komision i zgjedhur i ministrave do t\u00eb paraqes\u00eb propozime ose v\u00ebrejtje mbi k\u00ebto \u00e7\u00ebshtje. Aktet n\u00ebnligjore t\u00eb cilat do t\u00eb miratohen n\u00eb p\u00ebrputhje ne Nenin 42 do ti p\u00ebrcaktojn\u00eb rregullat dhe procedurat e komisionit t\u00eb zgjedhur. Komisioni i zgjedhur gjithnj\u00eb duhet t\u00eb p\u00ebrfshij\u00eb:<\/p>\n<\/div><div class=\"fusion-text fusion-text-4\"><ul>\n<li>Ministri i Ekonomis\u00eb &#8211; Kryesues<\/li>\n<li>Ministri i Financave Pun\u00ebs dhe Transfereve\u00a0 &#8211; An\u00ebtar<\/li>\n<li>Ministri i Industris\u00eb Nd\u00ebrmarr\u00ebsis\u00eb dhe Tregtis\u00eb &#8211; An\u00ebtar<\/li>\n<li>\n<p class=\"LC20lb MBeuO DKV0Md\">Ministri i Mjedisit, Planifikimit Hap\u00ebsinor dhe Infrastruktur\u00ebs &#8211; An\u00ebtar<\/p>\n<\/li>\n<li>\n<p class=\"title\">Ministri i e Zhvillimit Rajonal &#8211; An\u00ebtar<\/p>\n<\/li>\n<\/ul>\n<\/div><\/div><style type=\"text\/css\">.fusion-body .fusion-builder-column-0{width:100% !important;margin-top : 0px;margin-bottom : 20px;}.fusion-builder-column-0 > .fusion-column-wrapper {padding-top : 0px !important;padding-right : 0px !important;margin-right : 1.92%;padding-bottom : 0px !important;padding-left : 0px !important;margin-left : 1.92%;}@media only screen and (max-width:1150px) {.fusion-body .fusion-builder-column-0{width:100% !important;order : 0;}.fusion-builder-column-0 > .fusion-column-wrapper {margin-right : 1.92%;margin-left : 1.92%;}}@media only screen and (max-width:640px) {.fusion-body .fusion-builder-column-0{width:100% !important;order : 0;}.fusion-builder-column-0 > .fusion-column-wrapper {margin-right : 1.92%;margin-left : 1.92%;}}<\/style><\/div><\/div><style type=\"text\/css\">.fusion-body .fusion-flex-container.fusion-builder-row-1{ padding-top : 0px;margin-top : 0px;padding-right : 0px;padding-bottom : 0px;margin-bottom : 0px;padding-left : 0px;}<\/style><\/div>\n","protected":false},"excerpt":{"rendered":"","protected":false},"author":1,"featured_media":0,"parent":0,"menu_order":0,"comment_status":"closed","ping_status":"closed","template":"","meta":{"pgc_sgb_lightbox_settings":""},"_links":{"self":[{"href":"https:\/\/me.rks-gov.net\/njpmnp\/wp-json\/wp\/v2\/pages\/8478"}],"collection":[{"href":"https:\/\/me.rks-gov.net\/njpmnp\/wp-json\/wp\/v2\/pages"}],"about":[{"href":"https:\/\/me.rks-gov.net\/njpmnp\/wp-json\/wp\/v2\/types\/page"}],"author":[{"embeddable":true,"href":"https:\/\/me.rks-gov.net\/njpmnp\/wp-json\/wp\/v2\/users\/1"}],"replies":[{"embeddable":true,"href":"https:\/\/me.rks-gov.net\/njpmnp\/wp-json\/wp\/v2\/comments?post=8478"}],"version-history":[{"count":4,"href":"https:\/\/me.rks-gov.net\/njpmnp\/wp-json\/wp\/v2\/pages\/8478\/revisions"}],"predecessor-version":[{"id":15656,"href":"https:\/\/me.rks-gov.net\/njpmnp\/wp-json\/wp\/v2\/pages\/8478\/revisions\/15656"}],"wp:attachment":[{"href":"https:\/\/me.rks-gov.net\/njpmnp\/wp-json\/wp\/v2\/media?parent=8478"}],"curies":[{"name":"wp","href":"https:\/\/api.w.org\/{rel}","templated":true}]}}