{"id":8327,"date":"2022-07-20T12:20:18","date_gmt":"2022-07-20T12:20:18","guid":{"rendered":"https:\/\/me.techvision-ks.com\/?page_id=8327"},"modified":"2024-12-23T10:12:37","modified_gmt":"2024-12-23T10:12:37","slug":"home-ndermarrjet-publike","status":"publish","type":"page","link":"https:\/\/me.rks-gov.net\/njpmnp\/","title":{"rendered":"Home Nj\u00ebsia p\u00ebr Politika dhe Monitorim t\u00eb Nd\u00ebrmarrjeve Publike"},"content":{"rendered":"<div class=\"fusion-fullwidth fullwidth-box fusion-builder-row-1 fusion-flex-container has-pattern-background has-mask-background nonhundred-percent-fullwidth non-hundred-percent-height-scrolling\" style=\"background-color: rgba(255,255,255,0);background-position: center center;background-repeat: no-repeat;border-width: 0px 0px 0px 0px;border-color:var(--awb-color3);border-style:solid;\" ><div class=\"fusion-builder-row fusion-row fusion-flex-align-items-center\" style=\"max-width:calc( 1600px + 0px );margin-left: calc(-0px \/ 2 );margin-right: calc(-0px \/ 2 );\"><div class=\"fusion-layout-column fusion_builder_column fusion-builder-column-0 fusion_builder_column_1_1 1_1 fusion-flex-column\"><div class=\"fusion-column-wrapper fusion-flex-justify-content-center fusion-content-layout-column\" style=\"background-position:left top;background-repeat:no-repeat;-webkit-background-size:cover;-moz-background-size:cover;-o-background-size:cover;background-size:cover;padding: 0px 25px 0px 25px;\"><div class=\"fusion-builder-row fusion-builder-row-inner fusion-row fusion-flex-align-items-center\" style=\"width:calc( 100% + 0px ) !important;max-width:calc( 100% + 0px ) !important;margin-left: calc(-0px \/ 2 );margin-right: calc(-0px \/ 2 );\"><div class=\"fusion-layout-column fusion_builder_column_inner fusion-builder-nested-column-0 fusion_builder_column_inner_1_4 1_4 fusion-flex-column fusion-flex-align-self-center self-stretch fusion-column-inner-bg-wrapper fusion-column-liftup-border\"><div class=\"fusion-column-wrapper fusion-flex-justify-content-center fusion-content-layout-column\" style=\"border-radius:20px 20px 20px 20px;overflow:hidden;padding: 0px 0px 0px 0px;\"><a class=\"fb-icon-element-1 fb-icon-element fontawesome-icon fa-building fas circle-yes fusion-text-flow fusion-link\" style=\"font-size:52.8px;line-height:105.6px;height:105.6px;width:105.6px;border-width:0px;border-radius:50% 50% 50% 50%;margin-top:40px;margin-right:20px;margin-left:20px;\" href=\"https:\/\/me.techvision-ks.com\/index.php\/komisioni-nderministror-per-np\/\" aria-label=\"Link to https:\/\/me.techvision-ks.com\/index.php\/komisioni-nderministror-per-np\/\" target=\"_self\"><\/a><style>a.fb-icon-element.fontawesome-icon.fb-icon-element-1{ color: #034ea2; background-color: #ffffff; border-color: var(--awb-color8);}a.fb-icon-element.fontawesome-icon.fb-icon-element-1:hover { color: #ffffff; background-color: #034ea2; border-color: var(--awb-color8);}<\/style><div class=\"fusion-text fusion-text-1\" style=\"text-transform:uppercase;margin-top:10px;margin-right:5px;margin-left:5px;\"><p style=\"text-align: center;\"><strong>Komisioni Nd\u00ebrministror p\u00ebr NP<\/strong><\/p>\n<\/div><\/div><span class=\"fusion-column-inner-bg hover-type-liftup\"><a class=\"fusion-column-anchor\" href=\"https:\/\/me.rks-gov.net\/njpmnp\/komisioni-nderministror-per-np\/\"><span class=\"fusion-column-inner-bg-image\" style=\"background-position:left top;background-repeat:no-repeat;-webkit-background-size:cover;-moz-background-size:cover;-o-background-size:cover;background-size:cover;border-radius:20px 20px 20px 20px;box-shadow:0px 2px 8px 2px rgba(0,0,0,0.2);;\"><\/span><\/a><\/span><style type=\"text\/css\">.fusion-body .fusion-builder-nested-column-0{width:25% !important;margin-top : 0px;margin-bottom : 20px;}.fusion-builder-nested-column-0 > .fusion-column-wrapper {padding-top : 0 !important;padding-right : 0 !important;margin-right : calc( 0.08 * calc( 100% - 0px ) );padding-bottom : 0 !important;padding-left : 0 !important;margin-left : calc( 0.08 * calc( 100% - 0px ) );}.fusion-flex-container .fusion-row .fusion-builder-nested-column-0 > .fusion-column-inner-bg { margin-right:calc( 0.08 * calc( 100% - 0px ) );margin-left:calc( 0.08 * calc( 100% - 0px ) ); }@media only screen and (max-width:1150px) {.fusion-body .fusion-builder-nested-column-0{width:25% !important;order : 0;}.fusion-builder-nested-column-0 > .fusion-column-wrapper {margin-right : calc( 0.08 * calc( 100% - 0px ) );margin-left : calc( 0.08 * calc( 100% - 0px ) );}.fusion-flex-container .fusion-row .fusion-builder-nested-column-0 > .fusion-column-inner-bg { margin-right:calc( 0.08 * calc( 100% - 0px ) );margin-left:calc( 0.08 * calc( 100% - 0px ) ); }}@media only screen and (max-width:640px) {.fusion-body .fusion-builder-nested-column-0{width:100% !important;order : 0;}.fusion-builder-nested-column-0 > .fusion-column-wrapper {margin-right : 0px;margin-left : 0px;}.fusion-flex-container .fusion-row .fusion-builder-nested-column-0 > .fusion-column-inner-bg { margin-right:0px;margin-left:0px; }}.fusion-builder-nested-column-0 .hover-type-liftup:before{border-radius:20px 20px 20px 20px;}<\/style><\/div><div class=\"fusion-layout-column fusion_builder_column_inner fusion-builder-nested-column-1 fusion_builder_column_inner_1_4 1_4 fusion-flex-column fusion-flex-align-self-center self-stretch fusion-column-inner-bg-wrapper fusion-column-liftup-border\"><div class=\"fusion-column-wrapper fusion-flex-justify-content-center fusion-content-layout-column\" style=\"border-radius:20px 20px 20px 20px;overflow:hidden;padding: 0px 0px 0px 0px;\"><i class=\"fb-icon-element-2 fb-icon-element fontawesome-icon fa-industry fas circle-yes fusion-text-flow\" style=\"font-size:52.8px;line-height:105.6px;height:105.6px;width:105.6px;border-width:0px;border-radius:50% 50% 50% 50%;margin-top:40px;margin-right:20px;margin-left:20px;\"><\/i><style>i.fb-icon-element.fontawesome-icon.fb-icon-element-2{ color: #034ea2; background-color: #ffffff; border-color: var(--awb-color8);}i.fb-icon-element.fontawesome-icon.fb-icon-element-2:hover { color: #ffffff; background-color: #034ea2; border-color: var(--awb-color8);}<\/style><div class=\"fusion-text fusion-text-2\" style=\"text-transform:uppercase;margin-top:10px;margin-right:5px;margin-left:5px;\"><p style=\"text-align: center;\"><strong>Vendimet e Komisionit Nd\u00ebrministror dhe Qeveris\u00eb<\/strong><\/p>\n<\/div><\/div><span class=\"fusion-column-inner-bg hover-type-liftup\"><a class=\"fusion-column-anchor\" href=\"https:\/\/me.rks-gov.net\/njpmnp\/vendimet-e-komisionit-nderministor\/\"><span class=\"fusion-column-inner-bg-image\" style=\"background-position:left top;background-repeat:no-repeat;-webkit-background-size:cover;-moz-background-size:cover;-o-background-size:cover;background-size:cover;border-radius:20px 20px 20px 20px;box-shadow:0px 2px 8px 2px rgba(0,0,0,0.2);;\"><\/span><\/a><\/span><style type=\"text\/css\">.fusion-body .fusion-builder-nested-column-1{width:25% !important;margin-top : 0px;margin-bottom : 20px;}.fusion-builder-nested-column-1 > .fusion-column-wrapper {padding-top : 0 !important;padding-right : 0 !important;margin-right : calc( 0.08 * calc( 100% - 0px ) );padding-bottom : 0 !important;padding-left : 0 !important;margin-left : 0;}.fusion-flex-container .fusion-row .fusion-builder-nested-column-1 > .fusion-column-inner-bg { margin-right:calc( 0.08 * calc( 100% - 0px ) );margin-left:0; }@media only screen and (max-width:1150px) {.fusion-body .fusion-builder-nested-column-1{width:25% !important;order : 0;}.fusion-builder-nested-column-1 > .fusion-column-wrapper {margin-right : calc( 0.08 * calc( 100% - 0px ) );margin-left : 0;}.fusion-flex-container .fusion-row .fusion-builder-nested-column-1 > .fusion-column-inner-bg { margin-right:calc( 0.08 * calc( 100% - 0px ) );margin-left:0; }}@media only screen and (max-width:640px) {.fusion-body .fusion-builder-nested-column-1{width:100% !important;order : 0;}.fusion-builder-nested-column-1 > .fusion-column-wrapper {margin-right : 0px;margin-left : 0px;}.fusion-flex-container .fusion-row .fusion-builder-nested-column-1 > .fusion-column-inner-bg { margin-right:0px;margin-left:0px; }}.fusion-builder-nested-column-1 .hover-type-liftup:before{border-radius:20px 20px 20px 20px;}<\/style><\/div><div class=\"fusion-layout-column fusion_builder_column_inner fusion-builder-nested-column-2 fusion_builder_column_inner_1_4 1_4 fusion-flex-column fusion-flex-align-self-center self-stretch fusion-column-inner-bg-wrapper fusion-column-liftup-border\"><div class=\"fusion-column-wrapper fusion-flex-justify-content-center fusion-content-layout-column\" style=\"border-radius:20px 20px 20px 20px;overflow:hidden;padding: 0px 0px 0px 0px;\"><i class=\"fb-icon-element-3 fb-icon-element fontawesome-icon fa-layer-group fas circle-yes fusion-text-flow\" style=\"font-size:52.8px;line-height:105.6px;height:105.6px;width:105.6px;border-width:0px;border-radius:50% 50% 50% 50%;margin-top:40px;margin-right:20px;margin-left:20px;\"><\/i><style>i.fb-icon-element.fontawesome-icon.fb-icon-element-3{ color: #034ea2; background-color: #ffffff; border-color: var(--awb-color8);}i.fb-icon-element.fontawesome-icon.fb-icon-element-3:hover { color: #ffffff; background-color: #034ea2; border-color: var(--awb-color8);}<\/style><div class=\"fusion-text fusion-text-3\" style=\"text-transform:uppercase;margin-top:10px;margin-right:5px;margin-left:5px;\"><p style=\"text-align: center;\"><strong>Nd\u00ebrmarrjet Publike Qendrore<\/strong><\/p>\n<\/div><\/div><span class=\"fusion-column-inner-bg hover-type-liftup\"><a class=\"fusion-column-anchor\" href=\" https:\/\/me.rks-gov.net\/njpmnp\/ndermarrjet-publike-qendrore\/\"><span class=\"fusion-column-inner-bg-image\" style=\"background-position:left top;background-repeat:no-repeat;-webkit-background-size:cover;-moz-background-size:cover;-o-background-size:cover;background-size:cover;border-radius:20px 20px 20px 20px;box-shadow:0px 2px 8px 2px rgba(0,0,0,0.2);;\"><\/span><\/a><\/span><style type=\"text\/css\">.fusion-body .fusion-builder-nested-column-2{width:25% !important;margin-top : 0px;margin-bottom : 20px;}.fusion-builder-nested-column-2 > .fusion-column-wrapper {padding-top : 0 !important;padding-right : 0 !important;margin-right : calc( 0.08 * calc( 100% - 0px ) );padding-bottom : 0 !important;padding-left : 0 !important;margin-left : 0;}.fusion-flex-container .fusion-row .fusion-builder-nested-column-2 > .fusion-column-inner-bg { margin-right:calc( 0.08 * calc( 100% - 0px ) );margin-left:0; }@media only screen and (max-width:1150px) {.fusion-body .fusion-builder-nested-column-2{width:25% !important;order : 0;}.fusion-builder-nested-column-2 > .fusion-column-wrapper {margin-right : calc( 0.08 * calc( 100% - 0px ) );margin-left : 0;}.fusion-flex-container .fusion-row .fusion-builder-nested-column-2 > .fusion-column-inner-bg { margin-right:calc( 0.08 * calc( 100% - 0px ) );margin-left:0; }}@media only screen and (max-width:640px) {.fusion-body .fusion-builder-nested-column-2{width:100% !important;order : 0;}.fusion-builder-nested-column-2 > .fusion-column-wrapper {margin-right : 0px;margin-left : 0px;}.fusion-flex-container .fusion-row .fusion-builder-nested-column-2 > .fusion-column-inner-bg { margin-right:0px;margin-left:0px; }}.fusion-builder-nested-column-2 .hover-type-liftup:before{border-radius:20px 20px 20px 20px;}<\/style><\/div><div class=\"fusion-layout-column fusion_builder_column_inner fusion-builder-nested-column-3 fusion_builder_column_inner_1_4 1_4 fusion-flex-column fusion-flex-align-self-center self-stretch fusion-column-inner-bg-wrapper fusion-column-liftup-border\"><div class=\"fusion-column-wrapper fusion-flex-justify-content-center fusion-content-layout-column\" style=\"border-radius:20px 20px 20px 20px;overflow:hidden;padding: 0px 0px 0px 0px;\"><i class=\"fb-icon-element-4 fb-icon-element fontawesome-icon fa-microchip fas circle-yes fusion-text-flow\" style=\"font-size:52.8px;line-height:105.6px;height:105.6px;width:105.6px;border-width:0px;border-radius:50% 50% 50% 50%;margin-top:40px;margin-right:20px;margin-left:20px;\"><\/i><style>i.fb-icon-element.fontawesome-icon.fb-icon-element-4{ color: #034ea2; background-color: #ffffff; border-color: var(--awb-color8);}i.fb-icon-element.fontawesome-icon.fb-icon-element-4:hover { color: #ffffff; background-color: #034ea2; border-color: var(--awb-color8);}<\/style><div class=\"fusion-text fusion-text-4\" style=\"text-transform:uppercase;margin-top:10px;margin-right:5px;margin-left:5px;\"><p style=\"text-align: center;\"><strong>Nd\u00ebrmarrjet Publike Rajonale t\u00eb Ujitjes dhe Uj\u00ebsjell\u00ebsit<\/strong><\/p>\n<\/div><\/div><span class=\"fusion-column-inner-bg hover-type-liftup\"><a class=\"fusion-column-anchor\" href=\" https:\/\/me.rks-gov.net\/njpmnp\/ndermarrjet-publike-rajonale-te-ujitjes-dhe-ujesjellesit-2\/\"><span class=\"fusion-column-inner-bg-image\" style=\"background-position:left top;background-repeat:no-repeat;-webkit-background-size:cover;-moz-background-size:cover;-o-background-size:cover;background-size:cover;border-radius:20px 20px 20px 20px;box-shadow:0px 2px 8px 2px rgba(0,0,0,0.2);;\"><\/span><\/a><\/span><style type=\"text\/css\">.fusion-body .fusion-builder-nested-column-3{width:25% !important;margin-top : 0px;margin-bottom : 20px;}.fusion-builder-nested-column-3 > .fusion-column-wrapper {padding-top : 0 !important;padding-right : 0 !important;margin-right : calc( 0.08 * calc( 100% - 0px ) );padding-bottom : 0 !important;padding-left : 0 !important;margin-left : 0;}.fusion-flex-container .fusion-row .fusion-builder-nested-column-3 > .fusion-column-inner-bg { margin-right:calc( 0.08 * calc( 100% - 0px ) );margin-left:0; }@media only screen and (max-width:1150px) {.fusion-body .fusion-builder-nested-column-3{width:25% !important;order : 0;}.fusion-builder-nested-column-3 > .fusion-column-wrapper {margin-right : calc( 0.08 * calc( 100% - 0px ) );margin-left : 0;}.fusion-flex-container .fusion-row .fusion-builder-nested-column-3 > .fusion-column-inner-bg { margin-right:calc( 0.08 * calc( 100% - 0px ) );margin-left:0; }}@media only screen and (max-width:640px) {.fusion-body .fusion-builder-nested-column-3{width:100% !important;order : 0;}.fusion-builder-nested-column-3 > .fusion-column-wrapper {margin-right : 0px;margin-left : 0px;}.fusion-flex-container .fusion-row .fusion-builder-nested-column-3 > .fusion-column-inner-bg { margin-right:0px;margin-left:0px; }}.fusion-builder-nested-column-3 .hover-type-liftup:before{border-radius:20px 20px 20px 20px;}<\/style><\/div><\/div><\/div><style type=\"text\/css\">.fusion-body .fusion-builder-column-0{width:100% !important;margin-top : 50px;margin-bottom : 20px;}.fusion-builder-column-0 > .fusion-column-wrapper {padding-top : 0 !important;padding-right : 25px !important;margin-right : 0;padding-bottom : 0 !important;padding-left : 25px !important;margin-left : 0;}@media only screen and (max-width:1150px) {.fusion-body .fusion-builder-column-0{width:100% !important;order : 0;}.fusion-builder-column-0 > .fusion-column-wrapper {margin-right : 0;margin-left : 0;}}@media only screen and (max-width:640px) {.fusion-body .fusion-builder-column-0{width:100% !important;order : 0;}.fusion-builder-column-0 > .fusion-column-wrapper {margin-right : 0px;margin-left : 0px;}}<\/style><\/div><\/div><style type=\"text\/css\">.fusion-body .fusion-flex-container.fusion-builder-row-1{ padding-top : 0px;margin-top : 0;padding-right : 0px;padding-bottom : 0px;margin-bottom : 0;padding-left : 0px;}<\/style><\/div>\n","protected":false},"excerpt":{"rendered":"","protected":false},"author":1,"featured_media":0,"parent":0,"menu_order":0,"comment_status":"closed","ping_status":"closed","template":"","meta":{"pgc_sgb_lightbox_settings":""},"_links":{"self":[{"href":"https:\/\/me.rks-gov.net\/njpmnp\/wp-json\/wp\/v2\/pages\/8327"}],"collection":[{"href":"https:\/\/me.rks-gov.net\/njpmnp\/wp-json\/wp\/v2\/pages"}],"about":[{"href":"https:\/\/me.rks-gov.net\/njpmnp\/wp-json\/wp\/v2\/types\/page"}],"author":[{"embeddable":true,"href":"https:\/\/me.rks-gov.net\/njpmnp\/wp-json\/wp\/v2\/users\/1"}],"replies":[{"embeddable":true,"href":"https:\/\/me.rks-gov.net\/njpmnp\/wp-json\/wp\/v2\/comments?post=8327"}],"version-history":[{"count":11,"href":"https:\/\/me.rks-gov.net\/njpmnp\/wp-json\/wp\/v2\/pages\/8327\/revisions"}],"predecessor-version":[{"id":15669,"href":"https:\/\/me.rks-gov.net\/njpmnp\/wp-json\/wp\/v2\/pages\/8327\/revisions\/15669"}],"wp:attachment":[{"href":"https:\/\/me.rks-gov.net\/njpmnp\/wp-json\/wp\/v2\/media?parent=8327"}],"curies":[{"name":"wp","href":"https:\/\/api.w.org\/{rel}","templated":true}]}}