{"id":8313,"date":"2022-07-20T11:57:40","date_gmt":"2022-07-20T11:57:40","guid":{"rendered":"https:\/\/me.techvision-ks.com\/?page_id=8313"},"modified":"2022-08-02T13:42:48","modified_gmt":"2022-08-02T13:42:48","slug":"njoftime","status":"publish","type":"page","link":"https:\/\/me.rks-gov.net\/njpmnp\/njoftime\/","title":{"rendered":"Njoftime"},"content":{"rendered":"<div class=\"fusion-fullwidth fullwidth-box fusion-builder-row-1 fusion-flex-container has-pattern-background has-mask-background nonhundred-percent-fullwidth non-hundred-percent-height-scrolling\" style=\"background-color: rgba(255,255,255,0);background-position: center center;background-repeat: no-repeat;border-width: 0px 0px 0px 0px;border-color:var(--awb-color3);border-style:solid;\" ><div class=\"fusion-builder-row fusion-row fusion-flex-align-items-flex-start\" style=\"max-width:1664px;margin-left: calc(-4% \/ 2 );margin-right: calc(-4% \/ 2 );\"><div class=\"fusion-layout-column fusion_builder_column fusion-builder-column-0 fusion_builder_column_1_1 1_1 fusion-flex-column\"><div class=\"fusion-column-wrapper fusion-flex-justify-content-flex-start fusion-content-layout-column\" style=\"background-position:left top;background-repeat:no-repeat;-webkit-background-size:cover;-moz-background-size:cover;-o-background-size:cover;background-size:cover;padding: 0px 0px 0px 0px;\"><div class=\"fusion-text fusion-text-1\"><h4><strong>Njoftime<\/strong><\/h4>\n<\/div><div class=\"fusion-section-separator section-separator big-half-circle fusion-section-separator-1\" style=\"margin-bottom:35px;\"><div class=\"fusion-section-separator-svg\" style=\"padding:0;\"><svg class=\"fusion-big-half-circle-candy\" xmlns=\"http:\/\/www.w3.org\/2000\/svg\" version=\"1.1\" width=\"100%\" height=\"100\" viewBox=\"0 0 100 100\" preserveAspectRatio=\"none\" style=\"padding:0;\" fill=\"rgba(249,249,251,1)\"><path d=\"M0 100 C40 0 60 0 100 100 Z\"><\/path><\/svg><\/div><div class=\"fusion-section-separator-spacer\"><div class=\"fusion-section-separator-spacer-height\" style=\"height:99px;\"><\/div><\/div><style type=\"text\/css\">.fusion-section-separator-1 .fusion-section-separator-svg {margin-left:1.92%;margin-right:1.92%;}@media only screen and (max-width:1150px) {.fusion-section-separator-1 .fusion-section-separator-svg {margin-left:1.92%;margin-right:1.92%;}}@media only screen and (max-width:640px) {.fusion-section-separator-1 .fusion-section-separator-svg {margin-left:1.92%;margin-right:1.92%;}}.fusion-section-separator.fusion-section-separator-1 .fusion-section-separator-svg svg,.fusion-section-separator.fusion-section-separator-1 .fusion-section-separator-svg-bg{height:5px;}.fusion-section-separator.fusion-section-separator-1 .fusion-section-separator-spacer-height{height:5px !important;padding-top:inherit !important;}<\/style><\/div><div class=\"fusion-blog-shortcode fusion-blog-shortcode-1 fusion-blog-archive fusion-blog-layout-grid-wrapper fusion-blog-pagination\"><style type=\"text\/css\">.fusion-blog-shortcode-1 .fusion-blog-layout-grid .fusion-post-grid{padding:20px;}.fusion-blog-shortcode-1 .fusion-posts-container{margin-left: -20px !important; margin-right:-20px !important;}<\/style><style>.fusion-blog-shortcode.fusion-blog-shortcode-1 .entry-title{font-size:18px !important;}<\/style><div class=\"fusion-posts-container fusion-posts-container-pagination fusion-blog-rollover fusion-blog-layout-grid fusion-blog-layout-grid-3 isotope\" data-pages=\"2\" data-grid-col-space=\"40\" style=\"margin: -20px -20px 0;min-height:500px;\"><article id=\"blog-1-post-16030\" class=\"fusion-post-grid post-16030 post type-post status-publish format-standard hentry category-regjistri-i-nderamrrjeve-publike\">\n<div class=\"fusion-post-wrapper\" style=\"background-color:rgba(255,255,255,0);border:1px solid #f2f3f5;border-bottom-width:3px;\">\n\n<div class=\"fusion-post-content-wrapper\" style=\"padding:30px 25px 25px 25px;\"><div class=\"fusion-post-content post-content\"><h6 class=\"blog-shortcode-post-title entry-title\"><a href=\"https:\/\/me.rks-gov.net\/njpmnp\/2025\/12\/24\/regjistri-i-ndermarrjeve-publike\/\">Regjistri i Nd\u00ebrmarrjeve Publike<\/a><\/h6><p class=\"fusion-single-line-meta\"><span class=\"vcard\" style=\"display: none;\"><span class=\"fn\"><a href=\"https:\/\/me.rks-gov.net\/njpmnp\/author\/admin\/\" title=\"Posts by admin\" rel=\"author\">admin<\/a><\/span><\/span><span class=\"updated\" style=\"display:none;\">2025-12-24T15:02:40+00:00<\/span><span>December 24, 2025<\/span><span class=\"fusion-inline-sep\">|<\/span><\/p><div class=\"fusion-content-sep sep-double sep-solid\" style=\"border-color:#e2e2e2;\"><\/div><div class=\"fusion-post-content-container\"><p>REGJISTRI I ND\u00cbRMARRJEVE PUBLIKE QENDRORE<\/p><\/div><\/div><\/div><div class=\"fusion-clearfix\"><\/div><\/div>\n<\/article>\n<article id=\"blog-1-post-15065\" class=\"fusion-post-grid post-15065 post type-post status-publish format-standard hentry category-njoftime\">\n<div class=\"fusion-post-wrapper\" style=\"background-color:rgba(255,255,255,0);border:1px solid #f2f3f5;border-bottom-width:3px;\">\n\n<div class=\"fusion-post-content-wrapper\" style=\"padding:30px 25px 25px 25px;\"><div class=\"fusion-post-content post-content\"><h6 class=\"blog-shortcode-post-title entry-title\"><a href=\"https:\/\/me.rks-gov.net\/njpmnp\/2023\/12\/18\/plani-i-biznesit-model-per-ndermarrjet-e-reja\/\">Plani i biznesit: Model p\u00ebr nd\u00ebrmarrjet e reja<\/a><\/h6><p class=\"fusion-single-line-meta\"><span class=\"vcard\" style=\"display: none;\"><span class=\"fn\"><a href=\"https:\/\/me.rks-gov.net\/njpmnp\/author\/admin\/\" title=\"Posts by admin\" rel=\"author\">admin<\/a><\/span><\/span><span class=\"updated\" style=\"display:none;\">2024-05-30T07:20:48+00:00<\/span><span>December 18, 2023<\/span><span class=\"fusion-inline-sep\">|<\/span><\/p><div class=\"fusion-content-sep sep-double sep-solid\" style=\"border-color:#e2e2e2;\"><\/div><div class=\"fusion-post-content-container\"><p>Model-plani i biznesit - Shkarko<\/p><\/div><\/div><\/div><div class=\"fusion-clearfix\"><\/div><\/div>\n<\/article>\n<article id=\"blog-1-post-10220\" class=\"fusion-post-grid post-10220 post type-post status-publish format-standard hentry category-njoftime\">\n<div class=\"fusion-post-wrapper\" style=\"background-color:rgba(255,255,255,0);border:1px solid #f2f3f5;border-bottom-width:3px;\">\n\n<div class=\"fusion-post-content-wrapper\" style=\"padding:30px 25px 25px 25px;\"><div class=\"fusion-post-content post-content\"><h6 class=\"blog-shortcode-post-title entry-title\"><a href=\"https:\/\/me.rks-gov.net\/njpmnp\/2014\/07\/17\/njoftim-14\/\">Njoftim<\/a><\/h6><p class=\"fusion-single-line-meta\"><span class=\"vcard\" style=\"display: none;\"><span class=\"fn\"><a href=\"https:\/\/me.rks-gov.net\/njpmnp\/author\/admin\/\" title=\"Posts by admin\" rel=\"author\">admin<\/a><\/span><\/span><span class=\"updated\" style=\"display:none;\">2022-08-02T13:36:54+00:00<\/span><span>July 17, 2014<\/span><span class=\"fusion-inline-sep\">|<\/span><\/p><div class=\"fusion-content-sep sep-double sep-solid\" style=\"border-color:#e2e2e2;\"><\/div><div class=\"fusion-post-content-container\"><p>N\u00eb p\u00ebrputhje me nenin 189 t\u00eb ligjit mbi Shoq\u00ebri tregtare\u00a0 [...]<\/p><\/div><\/div><\/div><div class=\"fusion-clearfix\"><\/div><\/div>\n<\/article>\n<article id=\"blog-1-post-10218\" class=\"fusion-post-grid post-10218 post type-post status-publish format-standard hentry category-njoftime\">\n<div class=\"fusion-post-wrapper\" style=\"background-color:rgba(255,255,255,0);border:1px solid #f2f3f5;border-bottom-width:3px;\">\n\n<div class=\"fusion-post-content-wrapper\" style=\"padding:30px 25px 25px 25px;\"><div class=\"fusion-post-content post-content\"><h6 class=\"blog-shortcode-post-title entry-title\"><a href=\"https:\/\/me.rks-gov.net\/njpmnp\/2014\/07\/17\/njoftim-13\/\">Njoftim<\/a><\/h6><p class=\"fusion-single-line-meta\"><span class=\"vcard\" style=\"display: none;\"><span class=\"fn\"><a href=\"https:\/\/me.rks-gov.net\/njpmnp\/author\/admin\/\" title=\"Posts by admin\" rel=\"author\">admin<\/a><\/span><\/span><span class=\"updated\" style=\"display:none;\">2022-08-02T13:39:01+00:00<\/span><span>July 17, 2014<\/span><span class=\"fusion-inline-sep\">|<\/span><\/p><div class=\"fusion-content-sep sep-double sep-solid\" style=\"border-color:#e2e2e2;\"><\/div><div class=\"fusion-post-content-container\"><p>Si domosdoshm\u00ebri e avancimit t\u00eb qeverisjes korporative, rritjes s\u00eb\u00a0 transparenc\u00ebs [...]<\/p><\/div><\/div><\/div><div class=\"fusion-clearfix\"><\/div><\/div>\n<\/article>\n<article id=\"blog-1-post-10216\" class=\"fusion-post-grid post-10216 post type-post status-publish format-standard hentry category-njoftime\">\n<div class=\"fusion-post-wrapper\" style=\"background-color:rgba(255,255,255,0);border:1px solid #f2f3f5;border-bottom-width:3px;\">\n\n<div class=\"fusion-post-content-wrapper\" style=\"padding:30px 25px 25px 25px;\"><div class=\"fusion-post-content post-content\"><h6 class=\"blog-shortcode-post-title entry-title\"><a href=\"https:\/\/me.rks-gov.net\/njpmnp\/2014\/07\/17\/njoftim-12\/\">Njoftim<\/a><\/h6><p class=\"fusion-single-line-meta\"><span class=\"vcard\" style=\"display: none;\"><span class=\"fn\"><a href=\"https:\/\/me.rks-gov.net\/njpmnp\/author\/admin\/\" title=\"Posts by admin\" rel=\"author\">admin<\/a><\/span><\/span><span class=\"updated\" style=\"display:none;\">2022-08-02T13:39:08+00:00<\/span><span>July 17, 2014<\/span><span class=\"fusion-inline-sep\">|<\/span><\/p><div class=\"fusion-content-sep sep-double sep-solid\" style=\"border-color:#e2e2e2;\"><\/div><div class=\"fusion-post-content-container\"><p>Si p\u00ebrmbushje e k\u00ebrkes\u00ebs ligjore nga neni 33 i ligjit [...]<\/p><\/div><\/div><\/div><div class=\"fusion-clearfix\"><\/div><\/div>\n<\/article>\n<article id=\"blog-1-post-10213\" class=\"fusion-post-grid post-10213 post type-post status-publish format-standard hentry category-njoftime\">\n<div class=\"fusion-post-wrapper\" style=\"background-color:rgba(255,255,255,0);border:1px solid #f2f3f5;border-bottom-width:3px;\">\n\n<div class=\"fusion-post-content-wrapper\" style=\"padding:30px 25px 25px 25px;\"><div class=\"fusion-post-content post-content\"><h6 class=\"blog-shortcode-post-title entry-title\"><a href=\"https:\/\/me.rks-gov.net\/njpmnp\/2014\/07\/17\/njoftim-11\/\">Njoftim<\/a><\/h6><p class=\"fusion-single-line-meta\"><span class=\"vcard\" style=\"display: none;\"><span class=\"fn\"><a href=\"https:\/\/me.rks-gov.net\/njpmnp\/author\/admin\/\" title=\"Posts by admin\" rel=\"author\">admin<\/a><\/span><\/span><span class=\"updated\" style=\"display:none;\">2022-08-02T13:34:27+00:00<\/span><span>July 17, 2014<\/span><span class=\"fusion-inline-sep\">|<\/span><\/p><div class=\"fusion-content-sep sep-double sep-solid\" style=\"border-color:#e2e2e2;\"><\/div><div class=\"fusion-post-content-container\"><p>Si p\u00ebrmbushje e k\u00ebrkes\u00ebs ligjore nga neni 31 i ligjit [...]<\/p><\/div><\/div><\/div><div class=\"fusion-clearfix\"><\/div><\/div>\n<\/article>\n<article id=\"blog-1-post-10205\" class=\"fusion-post-grid post-10205 post type-post status-publish format-standard hentry category-njoftime\">\n<div class=\"fusion-post-wrapper\" style=\"background-color:rgba(255,255,255,0);border:1px solid #f2f3f5;border-bottom-width:3px;\">\n\n<div class=\"fusion-post-content-wrapper\" style=\"padding:30px 25px 25px 25px;\"><div class=\"fusion-post-content post-content\"><h6 class=\"blog-shortcode-post-title entry-title\"><a href=\"https:\/\/me.rks-gov.net\/njpmnp\/2014\/07\/17\/njoftim-10\/\">Njoftim<\/a><\/h6><p class=\"fusion-single-line-meta\"><span class=\"vcard\" style=\"display: none;\"><span class=\"fn\"><a href=\"https:\/\/me.rks-gov.net\/njpmnp\/author\/admin\/\" title=\"Posts by admin\" rel=\"author\">admin<\/a><\/span><\/span><span class=\"updated\" style=\"display:none;\">2022-08-02T13:39:18+00:00<\/span><span>July 17, 2014<\/span><span class=\"fusion-inline-sep\">|<\/span><\/p><div class=\"fusion-content-sep sep-double sep-solid\" style=\"border-color:#e2e2e2;\"><\/div><div class=\"fusion-post-content-container\"><p>Pas Hartimit t\u00eb Udh\u00ebzuesit t\u00eb Auditimit t\u00eb brendsh\u00ebm p\u00ebr Nd\u00ebrmarrje [...]<\/p><\/div><\/div><\/div><div class=\"fusion-clearfix\"><\/div><\/div>\n<\/article>\n<article id=\"blog-1-post-10200\" class=\"fusion-post-grid post-10200 post type-post status-publish format-standard hentry category-njoftime\">\n<div class=\"fusion-post-wrapper\" style=\"background-color:rgba(255,255,255,0);border:1px solid #f2f3f5;border-bottom-width:3px;\">\n\n<div class=\"fusion-post-content-wrapper\" style=\"padding:30px 25px 25px 25px;\"><div class=\"fusion-post-content post-content\"><h6 class=\"blog-shortcode-post-title entry-title\"><a href=\"https:\/\/me.rks-gov.net\/njpmnp\/2014\/07\/17\/njoftime-2\/\">Njoftime<\/a><\/h6><p class=\"fusion-single-line-meta\"><span class=\"vcard\" style=\"display: none;\"><span class=\"fn\"><a href=\"https:\/\/me.rks-gov.net\/njpmnp\/author\/admin\/\" title=\"Posts by admin\" rel=\"author\">admin<\/a><\/span><\/span><span class=\"updated\" style=\"display:none;\">2022-08-02T13:39:26+00:00<\/span><span>July 17, 2014<\/span><span class=\"fusion-inline-sep\">|<\/span><\/p><div class=\"fusion-content-sep sep-double sep-solid\" style=\"border-color:#e2e2e2;\"><\/div><div class=\"fusion-post-content-container\"><p>Pas miratimit t\u00eb Aplikacionit t\u00eb MZHE nga donatori JICA, mbi [...]<\/p><\/div><\/div><\/div><div class=\"fusion-clearfix\"><\/div><\/div>\n<\/article>\n<article id=\"blog-1-post-10196\" class=\"fusion-post-grid post-10196 post type-post status-publish format-standard hentry category-njoftime\">\n<div class=\"fusion-post-wrapper\" style=\"background-color:rgba(255,255,255,0);border:1px solid #f2f3f5;border-bottom-width:3px;\">\n\n<div class=\"fusion-post-content-wrapper\" style=\"padding:30px 25px 25px 25px;\"><div class=\"fusion-post-content post-content\"><h6 class=\"blog-shortcode-post-title entry-title\"><a href=\"https:\/\/me.rks-gov.net\/njpmnp\/2013\/10\/25\/njoftim-9\/\">Njoftim<\/a><\/h6><p class=\"fusion-single-line-meta\"><span class=\"vcard\" style=\"display: none;\"><span class=\"fn\"><a href=\"https:\/\/me.rks-gov.net\/njpmnp\/author\/admin\/\" title=\"Posts by admin\" rel=\"author\">admin<\/a><\/span><\/span><span class=\"updated\" style=\"display:none;\">2022-08-02T13:29:39+00:00<\/span><span>October 25, 2013<\/span><span class=\"fusion-inline-sep\">|<\/span><\/p><div class=\"fusion-content-sep sep-double sep-solid\" style=\"border-color:#e2e2e2;\"><\/div><div class=\"fusion-post-content-container\"><p>N\u00eb mbledhjen e Qeveris\u00eb s\u00eb Republik\u00ebs s\u00eb Kosov\u00ebs nr. 152, [...]<\/p><\/div><\/div><\/div><div class=\"fusion-clearfix\"><\/div><\/div>\n<\/article>\n<div class=\"fusion-clearfix\"><\/div><\/div><div class=\"pagination clearfix\"><span class=\"current\">1<\/span><a href=\"https:\/\/me.rks-gov.net\/njpmnp\/wp-json\/wp\/v2\/pages\/8313\/page\/2\/\" class=\"inactive\">2<\/a><a class=\"pagination-next\" rel=\"next\" href=\"https:\/\/me.rks-gov.net\/njpmnp\/wp-json\/wp\/v2\/pages\/8313\/page\/2\/\"><span class=\"page-text\">Next<\/span><span class=\"page-next\"><\/span><\/a><\/div><div class=\"fusion-clearfix\"><\/div><\/div><\/div><style type=\"text\/css\">.fusion-body .fusion-builder-column-0{width:100% !important;margin-top : 0px;margin-bottom : 20px;}.fusion-builder-column-0 > .fusion-column-wrapper {padding-top : 0px !important;padding-right : 0px !important;margin-right : 1.92%;padding-bottom : 0px !important;padding-left : 0px !important;margin-left : 1.92%;}@media only screen and (max-width:1150px) {.fusion-body .fusion-builder-column-0{width:100% !important;order : 0;}.fusion-builder-column-0 > .fusion-column-wrapper {margin-right : 1.92%;margin-left : 1.92%;}}@media only screen and (max-width:640px) {.fusion-body .fusion-builder-column-0{width:100% !important;order : 0;}.fusion-builder-column-0 > .fusion-column-wrapper {margin-right : 1.92%;margin-left : 1.92%;}}<\/style><\/div><\/div><style type=\"text\/css\">.fusion-body .fusion-flex-container.fusion-builder-row-1{ padding-top : 0px;margin-top : 0px;padding-right : 0px;padding-bottom : 0px;margin-bottom : 0px;padding-left : 0px;}<\/style><\/div>\n","protected":false},"excerpt":{"rendered":"","protected":false},"author":1,"featured_media":0,"parent":0,"menu_order":0,"comment_status":"closed","ping_status":"closed","template":"","meta":{"pgc_sgb_lightbox_settings":""},"_links":{"self":[{"href":"https:\/\/me.rks-gov.net\/njpmnp\/wp-json\/wp\/v2\/pages\/8313"}],"collection":[{"href":"https:\/\/me.rks-gov.net\/njpmnp\/wp-json\/wp\/v2\/pages"}],"about":[{"href":"https:\/\/me.rks-gov.net\/njpmnp\/wp-json\/wp\/v2\/types\/page"}],"author":[{"embeddable":true,"href":"https:\/\/me.rks-gov.net\/njpmnp\/wp-json\/wp\/v2\/users\/1"}],"replies":[{"embeddable":true,"href":"https:\/\/me.rks-gov.net\/njpmnp\/wp-json\/wp\/v2\/comments?post=8313"}],"version-history":[{"count":7,"href":"https:\/\/me.rks-gov.net\/njpmnp\/wp-json\/wp\/v2\/pages\/8313\/revisions"}],"predecessor-version":[{"id":10234,"href":"https:\/\/me.rks-gov.net\/njpmnp\/wp-json\/wp\/v2\/pages\/8313\/revisions\/10234"}],"wp:attachment":[{"href":"https:\/\/me.rks-gov.net\/njpmnp\/wp-json\/wp\/v2\/media?parent=8313"}],"curies":[{"name":"wp","href":"https:\/\/api.w.org\/{rel}","templated":true}]}}