{"id":8307,"date":"2022-07-20T11:56:00","date_gmt":"2022-07-20T11:56:00","guid":{"rendered":"https:\/\/me.techvision-ks.com\/?page_id=8307"},"modified":"2024-12-23T10:15:17","modified_gmt":"2024-12-23T10:15:17","slug":"per-ne","status":"publish","type":"page","link":"https:\/\/me.rks-gov.net\/njpmnp\/per-ne\/","title":{"rendered":"P\u00ebr ne"},"content":{"rendered":"<div class=\"fusion-fullwidth fullwidth-box fusion-builder-row-1 fusion-flex-container nonhundred-percent-fullwidth non-hundred-percent-height-scrolling\" style=\"background-color: rgba(255,255,255,0);background-position: center center;background-repeat: no-repeat;border-width: 0px 0px 0px 0px;border-color:var(--awb-color3);border-style:solid;\" ><div class=\"fusion-builder-row fusion-row fusion-flex-align-items-flex-start\" style=\"max-width:1664px;margin-left: calc(-4% \/ 2 );margin-right: calc(-4% \/ 2 );\"><div class=\"fusion-layout-column fusion_builder_column fusion-builder-column-0 fusion_builder_column_1_1 1_1 fusion-flex-column pageMargin\"><div class=\"fusion-column-wrapper fusion-flex-justify-content-flex-start fusion-content-layout-column\" style=\"background-position:left top;background-repeat:no-repeat;-webkit-background-size:cover;-moz-background-size:cover;-o-background-size:cover;background-size:cover;padding: 0px 0px 0px 0px;\"><div class=\"fusion-text fusion-text-1\" style=\"margin-top:15px;\"><h4>P\u00ebr ne<\/h4>\n<\/div><div class=\"fusion-section-separator section-separator big-half-circle fusion-section-separator-1\" style=\"margin-bottom:35px;\"><div class=\"fusion-section-separator-svg\" style=\"padding:0;\"><svg class=\"fusion-big-half-circle-candy\" xmlns=\"http:\/\/www.w3.org\/2000\/svg\" version=\"1.1\" width=\"100%\" height=\"100\" viewBox=\"0 0 100 100\" preserveAspectRatio=\"none\" style=\"padding:0;\" fill=\"rgba(249,249,251,1)\"><path d=\"M0 100 C40 0 60 0 100 100 Z\"><\/path><\/svg><\/div><div class=\"fusion-section-separator-spacer\"><div class=\"fusion-section-separator-spacer-height\" style=\"height:99px;\"><\/div><\/div><style type=\"text\/css\">.fusion-section-separator-1 .fusion-section-separator-svg {margin-left:1.92%;margin-right:1.92%;}@media only screen and (max-width:1150px) {.fusion-section-separator-1 .fusion-section-separator-svg {margin-left:1.92%;margin-right:1.92%;}}@media only screen and (max-width:640px) {.fusion-section-separator-1 .fusion-section-separator-svg {margin-left:1.92%;margin-right:1.92%;}}.fusion-section-separator.fusion-section-separator-1 .fusion-section-separator-svg svg,.fusion-section-separator.fusion-section-separator-1 .fusion-section-separator-svg-bg{height:5px;}.fusion-section-separator.fusion-section-separator-1 .fusion-section-separator-spacer-height{height:5px !important;padding-top:inherit !important;}<\/style><\/div><div class=\"fusion-text fusion-text-2\" style=\"margin-left:10px;\"><p><strong>Nj\u00ebsia p\u00ebr\u00a0 Politikat dhe Monitorimin e Nd\u00ebrmarrjeve Publike<\/strong><\/p>\n<\/div><div class=\"fusion-text fusion-text-3\" style=\"text-align:left;text-transform:none;\"><ol>\n<li>Detyrat dhe p\u00ebrgjegj\u00ebsit\u00eb e Nj\u00ebsis\u00eb p\u00ebr Politikat dhe Monitorimin e Nd\u00ebrmarrjeve Publike jan\u00eb:\n<ol>\n<li>Mb\u00ebshtet Ministrin\u00eb dhe Qeverin\u00eb n\u00eb ushtrimin e p\u00ebrgjegj\u00ebsive p\u00ebr nd\u00ebrmarrjet publike;<\/li>\n<li>P\u00ebrgatit\u00eb dhe i dor\u00ebzon Ministrit, p\u00ebr transmetim n\u00eb Qeveri, analiza dhe rekomandime lidhur me \u00e7\u00ebshtjet e nd\u00ebrmarrjeve publike qendrore q\u00eb jan\u00eb n\u00eb kompetenc\u00ebn e Ministrit dhe \/ose Qeveris\u00eb;<\/li>\n<li>P\u00ebrgatit\u00eb dhe i dor\u00ebzon Ministrit propozim-procedurat p\u00ebr mbik\u00ebqyrjen e nd\u00ebrmarrjeve publike qendrore dhe monitoron p\u00ebrputhjen e tyre me Ligjin p\u00ebr Nd\u00ebrmarrjet Publike dhe legjislacionin p\u00ebrkat\u00ebs n\u00eb fuqi;<\/li>\n<li>Mbledh t\u00eb dh\u00ebnat p\u00ebrkat\u00ebse mbi nd\u00ebrmarrjet publike dhe ofron p\u00ebrkrahje sipas nevoj\u00ebs p\u00ebr Divizionin p\u00ebr Buxhet dhe Financa lidhur me t\u00eb gjitha aspektet e Buxhetit t\u00eb Kosov\u00ebs q\u00eb nd\u00ebrlidhen me nd\u00ebrmarrjet publike;<\/li>\n<li>Merr pjes\u00eb n\u00eb takimet e bordit t\u00eb nd\u00ebrmarrjeve publike, n\u00eb cil\u00ebsin\u00eb e v\u00ebzhguesit, n\u00eb em\u00ebr t\u00eb aksionarit si dhe<\/li>\n<li>Detyra dhe p\u00ebrgjegj\u00ebsi tjera t\u00eb p\u00ebrcaktuara me Ligjin p\u00ebr Nd\u00ebrmarrjet Publike, Ligjin p\u00ebr Ndryshimin dhe Plot\u00ebsimin e Ligjit p\u00ebr Nd\u00ebrmarrjet Publike dhe legjislacionin p\u00ebrkat\u00ebs n\u00eb fuqi.<\/li>\n<\/ol>\n<\/li>\n<li>Udh\u00ebheq\u00ebsi i Nj\u00ebsis\u00eb p\u00ebr Politikat dhe Monitorimin e Nd\u00ebrmarrjeve Publike raporton tek Ministri i Ministris\u00eb s\u00eb Zhvillimit Ekonomik.<\/li>\n<li>Nj\u00ebsia p\u00ebr Politikat dhe Monitorimin e Nd\u00ebrmarrjeve Publike \u00ebsht\u00eb struktur\u00eb n\u00eb nivel t\u00eb nj\u00ebjt\u00eb me Departamentet.<\/li>\n<li>Numri i t\u00eb pun\u00ebsuarve n\u00eb Nj\u00ebsin\u00eb p\u00ebr Politikat dhe Monitorimin e Nd\u00ebrmarrjeve Publike \u00ebsht\u00eb dymb\u00ebdhjet\u00eb (12).<\/li>\n<\/ol>\n<\/div><\/div><style type=\"text\/css\">.fusion-body .fusion-builder-column-0{width:100% !important;margin-top : 0px;margin-bottom : 0px;}.fusion-builder-column-0 > .fusion-column-wrapper {padding-top : 0px !important;padding-right : 0px !important;margin-right : 1.92%;padding-bottom : 0px !important;padding-left : 0px !important;margin-left : 1.92%;}@media only screen and (max-width:1150px) {.fusion-body .fusion-builder-column-0{width:100% !important;order : 0;}.fusion-builder-column-0 > .fusion-column-wrapper {margin-right : 1.92%;margin-left : 1.92%;}}@media only screen and (max-width:640px) {.fusion-body .fusion-builder-column-0{width:100% !important;order : 0;}.fusion-builder-column-0 > .fusion-column-wrapper {margin-right : 1.92%;margin-left : 1.92%;}}<\/style><\/div><\/div><style type=\"text\/css\">.fusion-body .fusion-flex-container.fusion-builder-row-1{ padding-top : 0px;margin-top : 0px;padding-right : 0px;padding-bottom : 0px;margin-bottom : 0px;padding-left : 0px;}<\/style><\/div>\n","protected":false},"excerpt":{"rendered":"","protected":false},"author":1,"featured_media":0,"parent":0,"menu_order":0,"comment_status":"closed","ping_status":"closed","template":"","meta":{"pgc_sgb_lightbox_settings":""},"_links":{"self":[{"href":"https:\/\/me.rks-gov.net\/njpmnp\/wp-json\/wp\/v2\/pages\/8307"}],"collection":[{"href":"https:\/\/me.rks-gov.net\/njpmnp\/wp-json\/wp\/v2\/pages"}],"about":[{"href":"https:\/\/me.rks-gov.net\/njpmnp\/wp-json\/wp\/v2\/types\/page"}],"author":[{"embeddable":true,"href":"https:\/\/me.rks-gov.net\/njpmnp\/wp-json\/wp\/v2\/users\/1"}],"replies":[{"embeddable":true,"href":"https:\/\/me.rks-gov.net\/njpmnp\/wp-json\/wp\/v2\/comments?post=8307"}],"version-history":[{"count":3,"href":"https:\/\/me.rks-gov.net\/njpmnp\/wp-json\/wp\/v2\/pages\/8307\/revisions"}],"predecessor-version":[{"id":15670,"href":"https:\/\/me.rks-gov.net\/njpmnp\/wp-json\/wp\/v2\/pages\/8307\/revisions\/15670"}],"wp:attachment":[{"href":"https:\/\/me.rks-gov.net\/njpmnp\/wp-json\/wp\/v2\/media?parent=8307"}],"curies":[{"name":"wp","href":"https:\/\/api.w.org\/{rel}","templated":true}]}}