{"id":2225,"date":"2021-12-17T13:17:26","date_gmt":"2021-12-17T13:17:26","guid":{"rendered":"https:\/\/localhost\/wordpress\/?page_id=2225"},"modified":"2025-12-24T15:30:32","modified_gmt":"2025-12-24T15:30:32","slug":"ndermarrjet-publike-qendrore","status":"publish","type":"page","link":"https:\/\/me.rks-gov.net\/njpmnp\/ndermarrjet-publike-qendrore\/","title":{"rendered":"Nd\u00ebrmarrjet Publike Qendrore"},"content":{"rendered":"<div class=\"fusion-fullwidth fullwidth-box fusion-builder-row-1 fusion-flex-container nonhundred-percent-fullwidth non-hundred-percent-height-scrolling\" style=\"background-color: rgba(255,255,255,0);background-position: center center;background-repeat: no-repeat;border-width: 0px 0px 0px 0px;border-color:var(--awb-color3);border-style:solid;\" ><div class=\"fusion-builder-row fusion-row fusion-flex-align-items-flex-start\" style=\"max-width:1664px;margin-left: calc(-4% \/ 2 );margin-right: calc(-4% \/ 2 );\"><div class=\"fusion-layout-column fusion_builder_column fusion-builder-column-0 fusion_builder_column_1_1 1_1 fusion-flex-column\"><div class=\"fusion-column-wrapper fusion-flex-justify-content-flex-start fusion-content-layout-column\" style=\"background-position:left top;background-blend-mode: overlay;background-repeat:no-repeat;-webkit-background-size:cover;-moz-background-size:cover;-o-background-size:cover;background-size:cover;padding: 0px 0px 0px 0px;\"><div class=\"fusion-text fusion-text-1\"><h4>Nd\u00ebrmarrjet Publike Qendrore<\/h4>\n<\/div><div class=\"fusion-section-separator section-separator big-half-circle fusion-section-separator-1\" style=\"margin-bottom:35px;\"><div class=\"fusion-section-separator-svg\" style=\"padding:0;\"><svg class=\"fusion-big-half-circle-candy\" xmlns=\"http:\/\/www.w3.org\/2000\/svg\" version=\"1.1\" width=\"100%\" height=\"100\" viewBox=\"0 0 100 100\" preserveAspectRatio=\"none\" style=\"padding:0;\" fill=\"rgba(249,249,251,1)\"><path d=\"M0 100 C40 0 60 0 100 100 Z\"><\/path><\/svg><\/div><div class=\"fusion-section-separator-spacer\"><div class=\"fusion-section-separator-spacer-height\" style=\"height:99px;\"><\/div><\/div><style type=\"text\/css\">.fusion-section-separator-1 .fusion-section-separator-svg {margin-left:1.92%;margin-right:1.92%;}@media only screen and (max-width:1150px) {.fusion-section-separator-1 .fusion-section-separator-svg {margin-left:1.92%;margin-right:1.92%;}}@media only screen and (max-width:640px) {.fusion-section-separator-1 .fusion-section-separator-svg {margin-left:1.92%;margin-right:1.92%;}}.fusion-section-separator.fusion-section-separator-1 .fusion-section-separator-svg svg,.fusion-section-separator.fusion-section-separator-1 .fusion-section-separator-svg-bg{height:5px;}.fusion-section-separator.fusion-section-separator-1 .fusion-section-separator-spacer-height{height:5px !important;padding-top:inherit !important;}<\/style><\/div><div class=\"fusion-builder-row fusion-builder-row-inner fusion-row fusion-flex-align-items-flex-start\" style=\"width:104% !important;max-width:104% !important;margin-left: calc(-4% \/ 2 );margin-right: calc(-4% \/ 2 );\"><div class=\"fusion-layout-column fusion_builder_column_inner fusion-builder-nested-column-0 fusion_builder_column_inner_1_2 1_2 fusion-flex-column\"><div class=\"fusion-column-wrapper fusion-flex-justify-content-flex-start fusion-content-layout-column\" style=\"background-position:left top;background-repeat:no-repeat;-webkit-background-size:cover;-moz-background-size:cover;-o-background-size:cover;background-size:cover;padding: 0px 0px 0px 0px;\"><div ><style>.fusion-body .fusion-button.button-1 .fusion-button-text,.fusion-body .fusion-button.button-1 i{color:var(--awb-color7);}.fusion-body .fusion-button.button-1{border-color:var(--awb-color4);border-width:1px 1px 1px 1px;border-radius:4px 4px 4px 4px;background:var(--awb-color1);}.fusion-body .fusion-button.button-1:hover .fusion-button-text,.fusion-body .fusion-button.button-1:hover i,.fusion-body .fusion-button.button-1:focus .fusion-button-text,.fusion-body .fusion-button.button-1:focus i,.fusion-body .fusion-button.button-1:active .fusion-button-text,.fusion-body .fusion-button.button-1:active i{color:var(--awb-color6);}.fusion-body .fusion-button.button-1:hover,.fusion-body .fusion-button.button-1:active,.fusion-body .fusion-button.button-1:focus{border-color:var(--awb-color4);border-width:1px 1px 1px 1px;background:var(--awb-color3);}<\/style><a class=\"fusion-button button-flat button-xlarge button-custom button-1 fusion-button-span-yes fusion-button-default-type\" target=\"_self\" href=\"\/njpmnp\/nkec-sh-a\" style=\"margin-top:20px;\"><span class=\"fusion-button-text\">NKEC sh.a.<\/span><\/a><\/div><div ><style>.fusion-body .fusion-button.button-2 .fusion-button-text,.fusion-body .fusion-button.button-2 i{color:var(--awb-color7);}.fusion-body .fusion-button.button-2{border-color:var(--awb-color4);border-width:1px 1px 1px 1px;border-radius:4px 4px 4px 4px;background:var(--awb-color1);}.fusion-body .fusion-button.button-2:hover .fusion-button-text,.fusion-body .fusion-button.button-2:hover i,.fusion-body .fusion-button.button-2:focus .fusion-button-text,.fusion-body .fusion-button.button-2:focus i,.fusion-body .fusion-button.button-2:active .fusion-button-text,.fusion-body .fusion-button.button-2:active i{color:var(--awb-color6);}.fusion-body .fusion-button.button-2:hover,.fusion-body .fusion-button.button-2:active,.fusion-body .fusion-button.button-2:focus{border-color:var(--awb-color4);border-width:1px 1px 1px 1px;background:var(--awb-color3);}<\/style><a class=\"fusion-button button-flat button-xlarge button-custom button-2 fusion-button-span-yes fusion-button-default-type\" target=\"_self\" href=\"\/njpmnp\/posta-e-kosoves-sh-a\" style=\"margin-top:20px;\"><span class=\"fusion-button-text\">Posta e Kosov\u00ebs sh.a.<\/span><\/a><\/div><div ><style>.fusion-body .fusion-button.button-3 .fusion-button-text,.fusion-body .fusion-button.button-3 i{color:var(--awb-color7);}.fusion-body .fusion-button.button-3{border-color:var(--awb-color4);border-width:1px 1px 1px 1px;border-radius:4px 4px 4px 4px;background:var(--awb-color1);}.fusion-body .fusion-button.button-3:hover .fusion-button-text,.fusion-body .fusion-button.button-3:hover i,.fusion-body .fusion-button.button-3:focus .fusion-button-text,.fusion-body .fusion-button.button-3:focus i,.fusion-body .fusion-button.button-3:active .fusion-button-text,.fusion-body .fusion-button.button-3:active i{color:var(--awb-color6);}.fusion-body .fusion-button.button-3:hover,.fusion-body .fusion-button.button-3:active,.fusion-body .fusion-button.button-3:focus{border-color:var(--awb-color4);border-width:1px 1px 1px 1px;background:var(--awb-color3);}<\/style><a class=\"fusion-button button-flat button-xlarge button-custom button-3 fusion-button-span-yes fusion-button-default-type\" target=\"_self\" href=\"\/njpmnp\/trainkos-sh-a\" style=\"margin-top:20px;\"><span class=\"fusion-button-text\">Trainkos sh.a.<\/span><\/a><\/div><div ><style>.fusion-body .fusion-button.button-4 .fusion-button-text,.fusion-body .fusion-button.button-4 i{color:var(--awb-color7);}.fusion-body .fusion-button.button-4{border-color:var(--awb-color4);border-width:1px 1px 1px 1px;border-radius:4px 4px 4px 4px;background:var(--awb-color1);}.fusion-body .fusion-button.button-4:hover .fusion-button-text,.fusion-body .fusion-button.button-4:hover i,.fusion-body .fusion-button.button-4:focus .fusion-button-text,.fusion-body .fusion-button.button-4:focus i,.fusion-body .fusion-button.button-4:active .fusion-button-text,.fusion-body .fusion-button.button-4:active i{color:var(--awb-color6);}.fusion-body .fusion-button.button-4:hover,.fusion-body .fusion-button.button-4:active,.fusion-body .fusion-button.button-4:focus{border-color:var(--awb-color4);border-width:1px 1px 1px 1px;background:var(--awb-color3);}<\/style><a class=\"fusion-button button-flat button-xlarge button-custom button-4 fusion-button-span-yes fusion-button-default-type\" target=\"_self\" href=\"\/njpmnp\/kompania-per-menaxhimin-e-deponive-ne-kosove-sh-a\" style=\"margin-top:20px;\"><span class=\"fusion-button-text\">Kompania p\u00ebr Menaxhimin e Deponive n\u00eb Kosov\u00eb sh.a<\/span><\/a><\/div><div ><style>.fusion-body .fusion-button.button-5 .fusion-button-text,.fusion-body .fusion-button.button-5 i{color:var(--awb-color7);}.fusion-body .fusion-button.button-5{border-color:var(--awb-color4);border-width:1px 1px 1px 1px;border-radius:4px 4px 4px 4px;background:var(--awb-color1);}.fusion-body .fusion-button.button-5:hover .fusion-button-text,.fusion-body .fusion-button.button-5:hover i,.fusion-body .fusion-button.button-5:focus .fusion-button-text,.fusion-body .fusion-button.button-5:focus i,.fusion-body .fusion-button.button-5:active .fusion-button-text,.fusion-body .fusion-button.button-5:active i{color:var(--awb-color6);}.fusion-body .fusion-button.button-5:hover,.fusion-body .fusion-button.button-5:active,.fusion-body .fusion-button.button-5:focus{border-color:var(--awb-color4);border-width:1px 1px 1px 1px;background:var(--awb-color3);}<\/style><a class=\"fusion-button button-flat button-xlarge button-custom button-5 fusion-button-span-yes fusion-button-default-type\" target=\"_self\" href=\"\/njpmnp\/trepca-sh-a\" style=\"margin-top:20px;\"><span class=\"fusion-button-text\">Trep\u00e7a sh.a.<\/span><\/a><\/div><\/div><style type=\"text\/css\">.fusion-body .fusion-builder-nested-column-0{width:50% !important;margin-top : 0px;margin-bottom : 20px;}.fusion-builder-nested-column-0 > .fusion-column-wrapper {padding-top : 0px !important;padding-right : 0px !important;margin-right : 3.84%;padding-bottom : 0px !important;padding-left : 0px !important;margin-left : 3.84%;}@media only screen and (max-width:1150px) {.fusion-body .fusion-builder-nested-column-0{width:50% !important;order : 0;}.fusion-builder-nested-column-0 > .fusion-column-wrapper {margin-right : 3.84%;margin-left : 3.84%;}}@media only screen and (max-width:640px) {.fusion-body .fusion-builder-nested-column-0{width:100% !important;order : 0;}.fusion-builder-nested-column-0 > .fusion-column-wrapper {margin-right : 1.92%;margin-left : 1.92%;}}<\/style><\/div><div class=\"fusion-layout-column fusion_builder_column_inner fusion-builder-nested-column-1 fusion_builder_column_inner_1_2 1_2 fusion-flex-column\"><div class=\"fusion-column-wrapper fusion-flex-justify-content-flex-start fusion-content-layout-column\" style=\"background-position:left top;background-repeat:no-repeat;-webkit-background-size:cover;-moz-background-size:cover;-o-background-size:cover;background-size:cover;padding: 0px 0px 0px 0px;\"><div ><style>.fusion-body .fusion-button.button-6 .fusion-button-text,.fusion-body .fusion-button.button-6 i{color:var(--awb-color7);}.fusion-body .fusion-button.button-6{border-color:var(--awb-color4);border-width:1px 1px 1px 1px;border-radius:4px 4px 4px 4px;background:var(--awb-color1);}.fusion-body .fusion-button.button-6:hover .fusion-button-text,.fusion-body .fusion-button.button-6:hover i,.fusion-body .fusion-button.button-6:focus .fusion-button-text,.fusion-body .fusion-button.button-6:focus i,.fusion-body .fusion-button.button-6:active .fusion-button-text,.fusion-body .fusion-button.button-6:active i{color:var(--awb-color6);}.fusion-body .fusion-button.button-6:hover,.fusion-body .fusion-button.button-6:active,.fusion-body .fusion-button.button-6:focus{border-color:var(--awb-color4);border-width:1px 1px 1px 1px;background:var(--awb-color3);}<\/style><a class=\"fusion-button button-flat button-xlarge button-custom button-6 fusion-button-span-yes fusion-button-default-type\" target=\"_self\" href=\"\/njpmnp\/telekomi-i-kosoves-sh-a\" style=\"margin-top:20px;\"><span class=\"fusion-button-text\">Telekomi i Kosov\u00ebs sh.a.<\/span><\/a><\/div><div ><style>.fusion-body .fusion-button.button-7 .fusion-button-text,.fusion-body .fusion-button.button-7 i{color:var(--awb-color7);}.fusion-body .fusion-button.button-7{border-color:var(--awb-color4);border-width:1px 1px 1px 1px;border-radius:4px 4px 4px 4px;background:var(--awb-color1);}.fusion-body .fusion-button.button-7:hover .fusion-button-text,.fusion-body .fusion-button.button-7:hover i,.fusion-body .fusion-button.button-7:focus .fusion-button-text,.fusion-body .fusion-button.button-7:focus i,.fusion-body .fusion-button.button-7:active .fusion-button-text,.fusion-body .fusion-button.button-7:active i{color:var(--awb-color6);}.fusion-body .fusion-button.button-7:hover,.fusion-body .fusion-button.button-7:active,.fusion-body .fusion-button.button-7:focus{border-color:var(--awb-color4);border-width:1px 1px 1px 1px;background:var(--awb-color3);}<\/style><a class=\"fusion-button button-flat button-xlarge button-custom button-7 fusion-button-span-yes fusion-button-default-type\" target=\"_self\" href=\"\/njpmnp\/korporata-energjetike-e-kosoves\" style=\"margin-top:20px;\"><span class=\"fusion-button-text\">Korporata Energjetike e Kosov\u00ebs<\/span><\/a><\/div><div ><style>.fusion-body .fusion-button.button-8 .fusion-button-text,.fusion-body .fusion-button.button-8 i{color:var(--awb-color7);}.fusion-body .fusion-button.button-8{border-color:var(--awb-color4);border-width:1px 1px 1px 1px;border-radius:4px 4px 4px 4px;background:var(--awb-color1);}.fusion-body .fusion-button.button-8:hover .fusion-button-text,.fusion-body .fusion-button.button-8:hover i,.fusion-body .fusion-button.button-8:focus .fusion-button-text,.fusion-body .fusion-button.button-8:focus i,.fusion-body .fusion-button.button-8:active .fusion-button-text,.fusion-body .fusion-button.button-8:active i{color:var(--awb-color6);}.fusion-body .fusion-button.button-8:hover,.fusion-body .fusion-button.button-8:active,.fusion-body .fusion-button.button-8:focus{border-color:var(--awb-color4);border-width:1px 1px 1px 1px;background:var(--awb-color3);}<\/style><a class=\"fusion-button button-flat button-xlarge button-custom button-8 fusion-button-span-yes fusion-button-default-type\" target=\"_self\" href=\"\/njpmnp\/infrakos-sh-a\" style=\"margin-top:20px;\"><span class=\"fusion-button-text\">Infrakos sh.a.<\/span><\/a><\/div><div ><style>.fusion-body .fusion-button.button-9 .fusion-button-text,.fusion-body .fusion-button.button-9 i{color:var(--awb-color7);}.fusion-body .fusion-button.button-9{border-color:var(--awb-color4);border-width:1px 1px 1px 1px;border-radius:4px 4px 4px 4px;background:var(--awb-color1);}.fusion-body .fusion-button.button-9:hover .fusion-button-text,.fusion-body .fusion-button.button-9:hover i,.fusion-body .fusion-button.button-9:focus .fusion-button-text,.fusion-body .fusion-button.button-9:focus i,.fusion-body .fusion-button.button-9:active .fusion-button-text,.fusion-body .fusion-button.button-9:active i{color:var(--awb-color6);}.fusion-body .fusion-button.button-9:hover,.fusion-body .fusion-button.button-9:active,.fusion-body .fusion-button.button-9:focus{border-color:var(--awb-color4);border-width:1px 1px 1px 1px;background:var(--awb-color3);}<\/style><a class=\"fusion-button button-flat button-xlarge button-custom button-9 fusion-button-span-yes fusion-button-default-type\" target=\"_self\" href=\"\/njpmnp\/nph-iber-lepenc-sh-a\" style=\"margin-top:20px;\"><span class=\"fusion-button-text\">NPH Iber Lepenc sh.a.<\/span><\/a><\/div><div ><style>.fusion-body .fusion-button.button-10 .fusion-button-text,.fusion-body .fusion-button.button-10 i{color:var(--awb-color7);}.fusion-body .fusion-button.button-10{border-color:var(--awb-color4);border-width:1px 1px 1px 1px;border-radius:4px 4px 4px 4px;background:var(--awb-color1);}.fusion-body .fusion-button.button-10:hover .fusion-button-text,.fusion-body .fusion-button.button-10:hover i,.fusion-body .fusion-button.button-10:focus .fusion-button-text,.fusion-body .fusion-button.button-10:focus i,.fusion-body .fusion-button.button-10:active .fusion-button-text,.fusion-body .fusion-button.button-10:active i{color:var(--awb-color6);}.fusion-body .fusion-button.button-10:hover,.fusion-body .fusion-button.button-10:active,.fusion-body .fusion-button.button-10:focus{border-color:var(--awb-color4);border-width:1px 1px 1px 1px;background:var(--awb-color3);}<\/style><a class=\"fusion-button button-flat button-xlarge button-custom button-10 fusion-button-span-yes fusion-button-default-type\" target=\"_self\" href=\"\/njpmnp\/wp-content\/uploads\/sites\/3\/2025\/12\/REGJISTRI-I-NDERMARRJEVE-PUBLIKE-QENDRORE.pdf\" style=\"margin-top:20px;\"><span class=\"fusion-button-text\">Regjistri i Nd\u00ebrmarrjeve Publike Qendrore<\/span><\/a><\/div><\/div><style type=\"text\/css\">.fusion-body .fusion-builder-nested-column-1{width:50% !important;margin-top : 0px;margin-bottom : 20px;}.fusion-builder-nested-column-1 > .fusion-column-wrapper {padding-top : 0px !important;padding-right : 0px !important;margin-right : 3.84%;padding-bottom : 0px !important;padding-left : 0px !important;margin-left : 3.84%;}@media only screen and (max-width:1150px) {.fusion-body .fusion-builder-nested-column-1{width:50% !important;order : 0;}.fusion-builder-nested-column-1 > .fusion-column-wrapper {margin-right : 3.84%;margin-left : 3.84%;}}@media only screen and (max-width:640px) {.fusion-body .fusion-builder-nested-column-1{width:100% !important;order : 0;}.fusion-builder-nested-column-1 > .fusion-column-wrapper {margin-right : 1.92%;margin-left : 1.92%;}}<\/style><\/div><\/div><\/div><style type=\"text\/css\">.fusion-body .fusion-builder-column-0{width:100% !important;margin-top : 0px;margin-bottom : 0px;}.fusion-builder-column-0 > .fusion-column-wrapper {padding-top : 0px !important;padding-right : 0px !important;margin-right : 1.92%;padding-bottom : 0px !important;padding-left : 0px !important;margin-left : 1.92%;}@media only screen and (max-width:1150px) {.fusion-body .fusion-builder-column-0{width:100% !important;}.fusion-builder-column-0 > .fusion-column-wrapper {margin-right : 1.92%;margin-left : 1.92%;}}@media only screen and (max-width:640px) {.fusion-body .fusion-builder-column-0{width:100% !important;}.fusion-builder-column-0 > .fusion-column-wrapper {margin-right : 1.92%;margin-left : 1.92%;}}<\/style><\/div><\/div><style type=\"text\/css\">.fusion-body .fusion-flex-container.fusion-builder-row-1{ padding-top : 0px;margin-top : 0px;padding-right : 0px;padding-bottom : 0px;margin-bottom : 0px;padding-left : 0px;}<\/style><\/div>\n","protected":false},"excerpt":{"rendered":"","protected":false},"author":1,"featured_media":0,"parent":0,"menu_order":0,"comment_status":"closed","ping_status":"closed","template":"","meta":{"pgc_sgb_lightbox_settings":""},"_links":{"self":[{"href":"https:\/\/me.rks-gov.net\/njpmnp\/wp-json\/wp\/v2\/pages\/2225"}],"collection":[{"href":"https:\/\/me.rks-gov.net\/njpmnp\/wp-json\/wp\/v2\/pages"}],"about":[{"href":"https:\/\/me.rks-gov.net\/njpmnp\/wp-json\/wp\/v2\/types\/page"}],"author":[{"embeddable":true,"href":"https:\/\/me.rks-gov.net\/njpmnp\/wp-json\/wp\/v2\/users\/1"}],"replies":[{"embeddable":true,"href":"https:\/\/me.rks-gov.net\/njpmnp\/wp-json\/wp\/v2\/comments?post=2225"}],"version-history":[{"count":44,"href":"https:\/\/me.rks-gov.net\/njpmnp\/wp-json\/wp\/v2\/pages\/2225\/revisions"}],"predecessor-version":[{"id":16037,"href":"https:\/\/me.rks-gov.net\/njpmnp\/wp-json\/wp\/v2\/pages\/2225\/revisions\/16037"}],"wp:attachment":[{"href":"https:\/\/me.rks-gov.net\/njpmnp\/wp-json\/wp\/v2\/media?parent=2225"}],"curies":[{"name":"wp","href":"https:\/\/api.w.org\/{rel}","templated":true}]}}