{"id":14331,"date":"2023-06-13T21:03:14","date_gmt":"2023-06-13T21:03:14","guid":{"rendered":"https:\/\/me.rks-gov.net\/njpmnp\/?page_id=14331"},"modified":"2023-06-13T21:35:08","modified_gmt":"2023-06-13T21:35:08","slug":"mitrovica-sh-a-kontratat-e-lidhura-pa-shfrytezim-te-procedures-konkurruese","status":"publish","type":"page","link":"https:\/\/me.rks-gov.net\/njpmnp\/mitrovica-sh-a-kontratat-e-lidhura-pa-shfrytezim-te-procedures-konkurruese\/","title":{"rendered":"Mitrovica sh.a. \u2013 Kontratat e lidhura pa shfryt\u00ebzim t\u00eb procedur\u00ebs konkurruese"},"content":{"rendered":"\n<h3>Mitrovica sh.a. \u2013 Kontratat e lidhura pa shfryt\u00ebzim t\u00eb procedur\u00ebs konkurruese<\/h3>\n","protected":false},"excerpt":{"rendered":"<p>Mitrovica sh.a. \u2013 Kontratat e lidhura pa shfryt\u00ebzim t\u00eb procedur\u00ebs [&hellip;]<\/p>\n","protected":false},"author":1,"featured_media":0,"parent":0,"menu_order":0,"comment_status":"closed","ping_status":"closed","template":"","meta":{"pgc_sgb_lightbox_settings":""},"_links":{"self":[{"href":"https:\/\/me.rks-gov.net\/njpmnp\/wp-json\/wp\/v2\/pages\/14331"}],"collection":[{"href":"https:\/\/me.rks-gov.net\/njpmnp\/wp-json\/wp\/v2\/pages"}],"about":[{"href":"https:\/\/me.rks-gov.net\/njpmnp\/wp-json\/wp\/v2\/types\/page"}],"author":[{"embeddable":true,"href":"https:\/\/me.rks-gov.net\/njpmnp\/wp-json\/wp\/v2\/users\/1"}],"replies":[{"embeddable":true,"href":"https:\/\/me.rks-gov.net\/njpmnp\/wp-json\/wp\/v2\/comments?post=14331"}],"version-history":[{"count":2,"href":"https:\/\/me.rks-gov.net\/njpmnp\/wp-json\/wp\/v2\/pages\/14331\/revisions"}],"predecessor-version":[{"id":14367,"href":"https:\/\/me.rks-gov.net\/njpmnp\/wp-json\/wp\/v2\/pages\/14331\/revisions\/14367"}],"wp:attachment":[{"href":"https:\/\/me.rks-gov.net\/njpmnp\/wp-json\/wp\/v2\/media?parent=14331"}],"curies":[{"name":"wp","href":"https:\/\/api.w.org\/{rel}","templated":true}]}}