{"id":14319,"date":"2023-06-13T20:59:49","date_gmt":"2023-06-13T20:59:49","guid":{"rendered":"https:\/\/me.rks-gov.net\/njpmnp\/?page_id=14319"},"modified":"2026-04-15T08:21:48","modified_gmt":"2026-04-15T08:21:48","slug":"mitrovica-sh-a-raportet-e-kenaqshmerise-se-konsumatorit","status":"publish","type":"page","link":"https:\/\/me.rks-gov.net\/njpmnp\/mitrovica-sh-a-raportet-e-kenaqshmerise-se-konsumatorit\/","title":{"rendered":"Mitrovica sh.a. \u2013 Raportet e K\u00ebnaqshm\u00ebris\u00eb s\u00eb konsumatorit"},"content":{"rendered":"\r\n<h3>Mitrovica sh.a. \u2013Raportet e K\u00ebnaqshm\u00ebris\u00eb s\u00eb konsumatorit<\/h3>\r\n\r\n\r\n<hr class=\"wp-block-separator has-text-color has-alpha-channel-opacity has-background is-style-wide\" style=\"background-color: #abb7c29c; color: #abb7c29c;\" \/>\r\n\r\n\r\n<div class=\"wp-block-spacer\" style=\"height: 30px;\" aria-hidden=\"true\">\u00a0<\/div>\r\n\r\n\r\n<div id=\"filebird-document-library\">\n\t<div class=\"njt-fbdl\" data-json=\"{&quot;request&quot;:{&quot;pagination&quot;:{&quot;current&quot;:1,&quot;limit&quot;:10},&quot;search&quot;:&quot;&quot;,&quot;orderBy&quot;:&quot;post_title&quot;,&quot;orderType&quot;:&quot;DESC&quot;,&quot;selectedFolder&quot;:[&quot;2779&quot;]},&quot;layout&quot;:&quot;list&quot;,&quot;title&quot;:&quot;Viti 2025&quot;,&quot;column&quot;:4}\"><\/div>\n<\/div>\n\t\t\r\n\r\n<div id=\"filebird-document-library\">\n\t<div class=\"njt-fbdl\" data-json=\"{&quot;request&quot;:{&quot;pagination&quot;:{&quot;current&quot;:1,&quot;limit&quot;:10},&quot;search&quot;:&quot;&quot;,&quot;orderBy&quot;:&quot;post_title&quot;,&quot;orderType&quot;:&quot;DESC&quot;,&quot;selectedFolder&quot;:[&quot;2663&quot;]},&quot;layout&quot;:&quot;list&quot;,&quot;title&quot;:&quot;Viti 2024&quot;,&quot;column&quot;:4}\"><\/div>\n<\/div>\n\t\t\r\n\r\n<div id=\"filebird-document-library\">\n\t<div class=\"njt-fbdl\" data-json=\"{&quot;request&quot;:{&quot;pagination&quot;:{&quot;current&quot;:1,&quot;limit&quot;:10},&quot;search&quot;:&quot;&quot;,&quot;orderBy&quot;:&quot;post_title&quot;,&quot;orderType&quot;:&quot;DESC&quot;,&quot;selectedFolder&quot;:[&quot;2413&quot;]},&quot;layout&quot;:&quot;list&quot;,&quot;title&quot;:&quot;Viti 2023&quot;,&quot;column&quot;:4}\"><\/div>\n<\/div>\n\t\t\r\n\r\n<div id=\"filebird-document-library\">\n\t<div class=\"njt-fbdl\" data-json=\"{&quot;request&quot;:{&quot;pagination&quot;:{&quot;current&quot;:1,&quot;limit&quot;:10},&quot;search&quot;:&quot;&quot;,&quot;orderBy&quot;:&quot;post_title&quot;,&quot;orderType&quot;:&quot;DESC&quot;,&quot;selectedFolder&quot;:[&quot;2412&quot;]},&quot;layout&quot;:&quot;list&quot;,&quot;title&quot;:&quot;Viti 2022&quot;,&quot;column&quot;:4}\"><\/div>\n<\/div>\n\t\t\r\n\r\n\r\n<div class=\"wp-block-spacer\" style=\"height: 30px;\" aria-hidden=\"true\">\u00a0<\/div>\r\n\r\n\r\n<hr class=\"wp-block-separator has-text-color has-alpha-channel-opacity has-background is-style-wide\" style=\"background-color: #abb7c2bf; color: #abb7c2bf;\" \/>\r\n\r\n\r\n<div class=\"wp-block-spacer\" style=\"height: 30px;\" aria-hidden=\"true\">\u00a0<\/div>\r\n\r\n\r\n\r\n<p>&nbsp;<\/p>\r\n\r\n\r\n<div id=\"filebird-document-library\">\n\t<div class=\"njt-fbdl\" data-json=\"{&quot;request&quot;:{&quot;pagination&quot;:{&quot;current&quot;:1,&quot;limit&quot;:10},&quot;search&quot;:&quot;&quot;,&quot;orderBy&quot;:&quot;post_title&quot;,&quot;orderType&quot;:&quot;DESC&quot;,&quot;selectedFolder&quot;:[&quot;2411&quot;]},&quot;layout&quot;:&quot;list&quot;,&quot;title&quot;:&quot;Viti 2021&quot;,&quot;column&quot;:4}\"><\/div>\n<\/div>\n\t\t\r\n\r\n\r\n<div class=\"wp-block-spacer\" style=\"height: 30px;\" aria-hidden=\"true\">\u00a0<\/div>\r\n\r\n\r\n<hr class=\"wp-block-separator has-text-color has-alpha-channel-opacity has-background is-style-wide\" style=\"background-color: #abb7c2bf; color: #abb7c2bf;\" \/>\r\n\r\n\r\n<div class=\"wp-block-spacer\" style=\"height: 30px;\" aria-hidden=\"true\">\u00a0<\/div>\r\n\r\n\r\n<div id=\"filebird-document-library\">\n\t<div class=\"njt-fbdl\" data-json=\"{&quot;request&quot;:{&quot;pagination&quot;:{&quot;current&quot;:1,&quot;limit&quot;:10},&quot;search&quot;:&quot;&quot;,&quot;orderBy&quot;:&quot;post_title&quot;,&quot;orderType&quot;:&quot;DESC&quot;,&quot;selectedFolder&quot;:[&quot;2410&quot;]},&quot;layout&quot;:&quot;list&quot;,&quot;title&quot;:&quot;Viti 2020&quot;,&quot;column&quot;:4}\"><\/div>\n<\/div>\n\t\t\r\n\r\n\r\n<div class=\"wp-block-spacer\" style=\"height: 30px;\" aria-hidden=\"true\">\u00a0<\/div>\r\n\r\n\r\n<hr class=\"wp-block-separator has-text-color has-alpha-channel-opacity has-background is-style-wide\" style=\"background-color: #abb7c2bf; color: #abb7c2bf;\" \/>\r\n\r\n\r\n<div class=\"wp-block-spacer\" style=\"height: 30px;\" aria-hidden=\"true\">\u00a0<\/div>\r\n\r\n\r\n<div id=\"filebird-document-library\">\n\t<div class=\"njt-fbdl\" data-json=\"{&quot;request&quot;:{&quot;pagination&quot;:{&quot;current&quot;:1,&quot;limit&quot;:10},&quot;search&quot;:&quot;&quot;,&quot;orderBy&quot;:&quot;post_title&quot;,&quot;orderType&quot;:&quot;DESC&quot;,&quot;selectedFolder&quot;:[&quot;2409&quot;]},&quot;layout&quot;:&quot;list&quot;,&quot;title&quot;:&quot;Viti 2019&quot;,&quot;column&quot;:4}\"><\/div>\n<\/div>\n\t\t\r\n\r\n\r\n<div class=\"wp-block-spacer\" style=\"height: 30px;\" aria-hidden=\"true\">\u00a0<\/div>\r\n\r\n\r\n<hr class=\"wp-block-separator has-text-color has-alpha-channel-opacity has-background is-style-wide\" style=\"background-color: #abb7c2bf; color: #abb7c2bf;\" \/>\r\n\r\n\r\n<div class=\"wp-block-spacer\" style=\"height: 30px;\" aria-hidden=\"true\">\u00a0<\/div>\r\n\r\n\r\n<div id=\"filebird-document-library\">\n\t<div class=\"njt-fbdl\" data-json=\"{&quot;request&quot;:{&quot;pagination&quot;:{&quot;current&quot;:1,&quot;limit&quot;:10},&quot;search&quot;:&quot;&quot;,&quot;orderBy&quot;:&quot;post_title&quot;,&quot;orderType&quot;:&quot;DESC&quot;,&quot;selectedFolder&quot;:[&quot;2408&quot;]},&quot;layout&quot;:&quot;list&quot;,&quot;title&quot;:&quot;Viti 2018&quot;,&quot;column&quot;:4}\"><\/div>\n<\/div>\n\t\t\r\n\r\n\r\n<div class=\"wp-block-spacer\" style=\"height: 30px;\" aria-hidden=\"true\">\u00a0<\/div>\r\n\r\n\r\n<hr class=\"wp-block-separator has-text-color has-alpha-channel-opacity has-background is-style-wide\" style=\"background-color: #abb7c2bf; color: #abb7c2bf;\" \/>\r\n\r\n\r\n<div class=\"wp-block-spacer\" style=\"height: 30px;\" aria-hidden=\"true\">\u00a0<\/div>\r\n\r\n\r\n<div id=\"filebird-document-library\">\n\t<div class=\"njt-fbdl\" data-json=\"{&quot;request&quot;:{&quot;pagination&quot;:{&quot;current&quot;:1,&quot;limit&quot;:10},&quot;search&quot;:&quot;&quot;,&quot;orderBy&quot;:&quot;post_title&quot;,&quot;orderType&quot;:&quot;DESC&quot;,&quot;selectedFolder&quot;:[&quot;2407&quot;]},&quot;layout&quot;:&quot;list&quot;,&quot;title&quot;:&quot;Viti 2017&quot;,&quot;column&quot;:4}\"><\/div>\n<\/div>\n\t\t","protected":false},"excerpt":{"rendered":"<p>Mitrovica sh.a. \u2013Raportet e K\u00ebnaqshm\u00ebris\u00eb s\u00eb konsumatorit &nbsp;<\/p>\n","protected":false},"author":1,"featured_media":0,"parent":0,"menu_order":0,"comment_status":"closed","ping_status":"closed","template":"","meta":{"pgc_sgb_lightbox_settings":""},"_links":{"self":[{"href":"https:\/\/me.rks-gov.net\/njpmnp\/wp-json\/wp\/v2\/pages\/14319"}],"collection":[{"href":"https:\/\/me.rks-gov.net\/njpmnp\/wp-json\/wp\/v2\/pages"}],"about":[{"href":"https:\/\/me.rks-gov.net\/njpmnp\/wp-json\/wp\/v2\/types\/page"}],"author":[{"embeddable":true,"href":"https:\/\/me.rks-gov.net\/njpmnp\/wp-json\/wp\/v2\/users\/1"}],"replies":[{"embeddable":true,"href":"https:\/\/me.rks-gov.net\/njpmnp\/wp-json\/wp\/v2\/comments?post=14319"}],"version-history":[{"count":6,"href":"https:\/\/me.rks-gov.net\/njpmnp\/wp-json\/wp\/v2\/pages\/14319\/revisions"}],"predecessor-version":[{"id":17083,"href":"https:\/\/me.rks-gov.net\/njpmnp\/wp-json\/wp\/v2\/pages\/14319\/revisions\/17083"}],"wp:attachment":[{"href":"https:\/\/me.rks-gov.net\/njpmnp\/wp-json\/wp\/v2\/media?parent=14319"}],"curies":[{"name":"wp","href":"https:\/\/api.w.org\/{rel}","templated":true}]}}