{"id":14276,"date":"2023-06-13T20:25:04","date_gmt":"2023-06-13T20:25:04","guid":{"rendered":"https:\/\/me.rks-gov.net\/njpmnp\/?page_id=14276"},"modified":"2026-05-15T12:13:24","modified_gmt":"2026-05-15T12:13:24","slug":"bifurkacioni-sh-a-kontratat-e-prokurimit-me-vlere-te-madhe","status":"publish","type":"page","link":"https:\/\/me.rks-gov.net\/njpmnp\/bifurkacioni-sh-a-kontratat-e-prokurimit-me-vlere-te-madhe\/","title":{"rendered":"Bifurkacioni sh.a. \u2013 Kontratat e prokurimit me vler\u00eb t\u00eb madhe"},"content":{"rendered":"\r\n<h3>Bifurkacioni sh.a. \u2013 Kontratat e prokurimit me vler\u00eb t\u00eb madhe<\/h3>\r\n<h4><a href=\"https:\/\/me.rks-gov.net\/njpmnp\/wp-content\/uploads\/sites\/3\/2026\/05\/2023-2025.-Kontrata-te-prokurimit-me-vlere-te-madhe-.pdf\">2023-2025.-Kontrata t\u00eb prokurimit me vler\u00eb t\u00eb madhe<\/a><\/h4>\r\n<h4><a href=\"https:\/\/me.rks-gov.net\/njpmnp\/wp-content\/uploads\/sites\/3\/2026\/05\/Sqarim-Bifurkacioni-sh.a-ne-vitet-2020-2022-nuk-ka-kontrata-me-vlera-te-medha-.pdf\">Sqarim-Bifurkacioni sh.a ne vitet 2020-2022 nuk ka kontrata me vlera t\u00eb m\u00ebdha-<\/a><\/h4>\r\n<p>&nbsp;<\/p>\r\n","protected":false},"excerpt":{"rendered":"<p>Bifurkacioni sh.a. \u2013 Kontratat e prokurimit me vler\u00eb t\u00eb madhe [&hellip;]<\/p>\n","protected":false},"author":1,"featured_media":0,"parent":0,"menu_order":0,"comment_status":"closed","ping_status":"closed","template":"","meta":{"pgc_sgb_lightbox_settings":""},"_links":{"self":[{"href":"https:\/\/me.rks-gov.net\/njpmnp\/wp-json\/wp\/v2\/pages\/14276"}],"collection":[{"href":"https:\/\/me.rks-gov.net\/njpmnp\/wp-json\/wp\/v2\/pages"}],"about":[{"href":"https:\/\/me.rks-gov.net\/njpmnp\/wp-json\/wp\/v2\/types\/page"}],"author":[{"embeddable":true,"href":"https:\/\/me.rks-gov.net\/njpmnp\/wp-json\/wp\/v2\/users\/1"}],"replies":[{"embeddable":true,"href":"https:\/\/me.rks-gov.net\/njpmnp\/wp-json\/wp\/v2\/comments?post=14276"}],"version-history":[{"count":4,"href":"https:\/\/me.rks-gov.net\/njpmnp\/wp-json\/wp\/v2\/pages\/14276\/revisions"}],"predecessor-version":[{"id":17787,"href":"https:\/\/me.rks-gov.net\/njpmnp\/wp-json\/wp\/v2\/pages\/14276\/revisions\/17787"}],"wp:attachment":[{"href":"https:\/\/me.rks-gov.net\/njpmnp\/wp-json\/wp\/v2\/media?parent=14276"}],"curies":[{"name":"wp","href":"https:\/\/api.w.org\/{rel}","templated":true}]}}