{"id":14209,"date":"2023-06-13T14:34:07","date_gmt":"2023-06-13T14:34:07","guid":{"rendered":"https:\/\/me.rks-gov.net\/njpmnp\/?page_id=14209"},"modified":"2026-04-22T08:09:03","modified_gmt":"2026-04-22T08:09:03","slug":"kompania-rajonale-e-ujesjellesit-hidrodrini-sh-a-peje-vendimet-e-qeverise-dhe-ministrise-per-ndermarrjet-publike","status":"publish","type":"page","link":"https:\/\/me.rks-gov.net\/njpmnp\/kompania-rajonale-e-ujesjellesit-hidrodrini-sh-a-peje-vendimet-e-qeverise-dhe-ministrise-per-ndermarrjet-publike\/","title":{"rendered":"Kompania Rajonale e Uj\u00ebsjell\u00ebsit Hidrodrini sh.a., Pej\u00eb\u00a0\u2013 Vendimet e Qeveris\u00eb dhe Ministris\u00eb p\u00ebr Nd\u00ebrmarrjet Publike"},"content":{"rendered":"\r\n<h3>Kompania Rajonale e Uj\u00ebsjell\u00ebsit Hidrodrini sh.a., Pej\u00eb \u2013 Vendimet e Qeveris\u00eb dhe Ministris\u00eb p\u00ebr Nd\u00ebrmarrjet Publike<\/h3>\r\n\r\n\r\n<hr class=\"wp-block-separator has-text-color has-alpha-channel-opacity has-background is-style-wide\" style=\"background-color: #abb7c29c; color: #abb7c29c;\" \/>\r\n\r\n\r\n<div class=\"wp-block-spacer\" style=\"height: 30px;\" aria-hidden=\"true\">\u00a0<\/div>\r\n\r\n\r\n\r\n<p>&nbsp;<\/p>\r\n\r\n\r\n<div id=\"filebird-document-library\">\n\t<div class=\"njt-fbdl\" data-json=\"{&quot;request&quot;:{&quot;pagination&quot;:{&quot;current&quot;:1,&quot;limit&quot;:10},&quot;search&quot;:&quot;&quot;,&quot;orderBy&quot;:&quot;post_title&quot;,&quot;orderType&quot;:&quot;DESC&quot;,&quot;selectedFolder&quot;:[&quot;2795&quot;]},&quot;layout&quot;:&quot;list&quot;,&quot;title&quot;:&quot;Viti 2026&quot;,&quot;column&quot;:4}\"><\/div>\n<\/div>\n\t\t\r\n\r\n<div id=\"filebird-document-library\">\n\t<div class=\"njt-fbdl\" data-json=\"{&quot;request&quot;:{&quot;pagination&quot;:{&quot;current&quot;:1,&quot;limit&quot;:10},&quot;search&quot;:&quot;&quot;,&quot;orderBy&quot;:&quot;post_title&quot;,&quot;orderType&quot;:&quot;DESC&quot;,&quot;selectedFolder&quot;:[&quot;2262&quot;]},&quot;layout&quot;:&quot;list&quot;,&quot;title&quot;:&quot;Viti 2022&quot;,&quot;column&quot;:4}\"><\/div>\n<\/div>\n\t\t\r\n\r\n\r\n<div class=\"wp-block-spacer\" style=\"height: 30px;\" aria-hidden=\"true\">\u00a0<\/div>\r\n\r\n\r\n<hr class=\"wp-block-separator has-text-color has-alpha-channel-opacity has-background is-style-wide\" style=\"background-color: #abb7c2bf; color: #abb7c2bf;\" \/>\r\n\r\n\r\n<div class=\"wp-block-spacer\" style=\"height: 30px;\" aria-hidden=\"true\">\u00a0<\/div>\r\n\r\n\r\n<div id=\"filebird-document-library\">\n\t<div class=\"njt-fbdl\" data-json=\"{&quot;request&quot;:{&quot;pagination&quot;:{&quot;current&quot;:1,&quot;limit&quot;:10},&quot;search&quot;:&quot;&quot;,&quot;orderBy&quot;:&quot;post_title&quot;,&quot;orderType&quot;:&quot;DESC&quot;,&quot;selectedFolder&quot;:[&quot;2261&quot;]},&quot;layout&quot;:&quot;list&quot;,&quot;title&quot;:&quot;Viti 2021&quot;,&quot;column&quot;:4}\"><\/div>\n<\/div>\n\t\t\r\n\r\n\r\n<div class=\"wp-block-spacer\" style=\"height: 30px;\" aria-hidden=\"true\">\u00a0<\/div>\r\n\r\n\r\n<hr class=\"wp-block-separator has-text-color has-alpha-channel-opacity has-background is-style-wide\" style=\"background-color: #abb7c2bf; color: #abb7c2bf;\" \/>\r\n\r\n\r\n<div class=\"wp-block-spacer\" style=\"height: 30px;\" aria-hidden=\"true\">\u00a0<\/div>\r\n\r\n\r\n<div id=\"filebird-document-library\">\n\t<div class=\"njt-fbdl\" data-json=\"{&quot;request&quot;:{&quot;pagination&quot;:{&quot;current&quot;:1,&quot;limit&quot;:10},&quot;search&quot;:&quot;&quot;,&quot;orderBy&quot;:&quot;post_title&quot;,&quot;orderType&quot;:&quot;DESC&quot;,&quot;selectedFolder&quot;:[&quot;2260&quot;]},&quot;layout&quot;:&quot;list&quot;,&quot;title&quot;:&quot;Viti 2020&quot;,&quot;column&quot;:4}\"><\/div>\n<\/div>\n\t\t\r\n\r\n\r\n<div class=\"wp-block-spacer\" style=\"height: 30px;\" aria-hidden=\"true\">\u00a0<\/div>\r\n\r\n\r\n<hr class=\"wp-block-separator has-text-color has-alpha-channel-opacity has-background is-style-wide\" style=\"background-color: #abb7c2bf; color: #abb7c2bf;\" \/>\r\n\r\n\r\n<div class=\"wp-block-spacer\" style=\"height: 30px;\" aria-hidden=\"true\">\u00a0<\/div>\r\n\r\n\r\n<div id=\"filebird-document-library\">\n\t<div class=\"njt-fbdl\" data-json=\"{&quot;request&quot;:{&quot;pagination&quot;:{&quot;current&quot;:1,&quot;limit&quot;:10},&quot;search&quot;:&quot;&quot;,&quot;orderBy&quot;:&quot;post_title&quot;,&quot;orderType&quot;:&quot;DESC&quot;,&quot;selectedFolder&quot;:[&quot;2259&quot;]},&quot;layout&quot;:&quot;list&quot;,&quot;title&quot;:&quot;Viti 2019&quot;,&quot;column&quot;:4}\"><\/div>\n<\/div>\n\t\t\r\n\r\n\r\n<div class=\"wp-block-spacer\" style=\"height: 30px;\" aria-hidden=\"true\">\u00a0<\/div>\r\n\r\n\r\n<hr class=\"wp-block-separator has-text-color has-alpha-channel-opacity has-background is-style-wide\" style=\"background-color: #abb7c2bf; color: #abb7c2bf;\" \/>\r\n\r\n\r\n<div class=\"wp-block-spacer\" style=\"height: 30px;\" aria-hidden=\"true\">\u00a0<\/div>\r\n\r\n\r\n<div id=\"filebird-document-library\">\n\t<div class=\"njt-fbdl\" data-json=\"{&quot;request&quot;:{&quot;pagination&quot;:{&quot;current&quot;:1,&quot;limit&quot;:10},&quot;search&quot;:&quot;&quot;,&quot;orderBy&quot;:&quot;post_title&quot;,&quot;orderType&quot;:&quot;DESC&quot;,&quot;selectedFolder&quot;:[&quot;2258&quot;]},&quot;layout&quot;:&quot;list&quot;,&quot;title&quot;:&quot;Viti 2018&quot;,&quot;column&quot;:4}\"><\/div>\n<\/div>\n\t\t\r\n\r\n\r\n<div class=\"wp-block-spacer\" style=\"height: 30px;\" aria-hidden=\"true\">\u00a0<\/div>\r\n\r\n\r\n<hr class=\"wp-block-separator has-text-color has-alpha-channel-opacity has-background is-style-wide\" style=\"background-color: #abb7c2bf; color: #abb7c2bf;\" \/>\r\n\r\n\r\n<div class=\"wp-block-spacer\" style=\"height: 30px;\" aria-hidden=\"true\">\u00a0<\/div>\r\n\r\n\r\n<div id=\"filebird-document-library\">\n\t<div class=\"njt-fbdl\" data-json=\"{&quot;request&quot;:{&quot;pagination&quot;:{&quot;current&quot;:1,&quot;limit&quot;:10},&quot;search&quot;:&quot;&quot;,&quot;orderBy&quot;:&quot;post_title&quot;,&quot;orderType&quot;:&quot;DESC&quot;,&quot;selectedFolder&quot;:[&quot;2257&quot;]},&quot;layout&quot;:&quot;list&quot;,&quot;title&quot;:&quot;Viti 2017&quot;,&quot;column&quot;:4}\"><\/div>\n<\/div>\n\t\t","protected":false},"excerpt":{"rendered":"<p>Kompania Rajonale e Uj\u00ebsjell\u00ebsit Hidrodrini sh.a., Pej\u00eb \u2013 Vendimet e [&hellip;]<\/p>\n","protected":false},"author":1,"featured_media":0,"parent":0,"menu_order":0,"comment_status":"closed","ping_status":"closed","template":"","meta":{"pgc_sgb_lightbox_settings":""},"_links":{"self":[{"href":"https:\/\/me.rks-gov.net\/njpmnp\/wp-json\/wp\/v2\/pages\/14209"}],"collection":[{"href":"https:\/\/me.rks-gov.net\/njpmnp\/wp-json\/wp\/v2\/pages"}],"about":[{"href":"https:\/\/me.rks-gov.net\/njpmnp\/wp-json\/wp\/v2\/types\/page"}],"author":[{"embeddable":true,"href":"https:\/\/me.rks-gov.net\/njpmnp\/wp-json\/wp\/v2\/users\/1"}],"replies":[{"embeddable":true,"href":"https:\/\/me.rks-gov.net\/njpmnp\/wp-json\/wp\/v2\/comments?post=14209"}],"version-history":[{"count":4,"href":"https:\/\/me.rks-gov.net\/njpmnp\/wp-json\/wp\/v2\/pages\/14209\/revisions"}],"predecessor-version":[{"id":17233,"href":"https:\/\/me.rks-gov.net\/njpmnp\/wp-json\/wp\/v2\/pages\/14209\/revisions\/17233"}],"wp:attachment":[{"href":"https:\/\/me.rks-gov.net\/njpmnp\/wp-json\/wp\/v2\/media?parent=14209"}],"curies":[{"name":"wp","href":"https:\/\/api.w.org\/{rel}","templated":true}]}}