{"id":14009,"date":"2023-06-13T12:12:19","date_gmt":"2023-06-13T12:12:19","guid":{"rendered":"https:\/\/me.rks-gov.net\/njpmnp\/?page_id=14009"},"modified":"2023-06-13T13:27:57","modified_gmt":"2023-06-13T13:27:57","slug":"kompania-e-ujitjes-radoniqi-dukagjini-sh-a-kontratat-e-lidhura-pa-shfrytezim-te-procedures-konkurruese","status":"publish","type":"page","link":"https:\/\/me.rks-gov.net\/njpmnp\/kompania-e-ujitjes-radoniqi-dukagjini-sh-a-kontratat-e-lidhura-pa-shfrytezim-te-procedures-konkurruese\/","title":{"rendered":"Kompania e Ujitjes Radoniqi-Dukagjini sh.a. \u2013 Kontratat e lidhura pa shfryt\u00ebzim t\u00eb procedur\u00ebs konkurruese"},"content":{"rendered":"\n<h3>Kompania e Ujitjes Radoniqi-Dukagjini sh.a. \u2013 Kontratat e lidhura pa shfryt\u00ebzim t\u00eb procedur\u00ebs konkurruese<\/h3>\n\n\n\n<hr class=\"wp-block-separator has-text-color has-alpha-channel-opacity has-background is-style-wide\" style=\"background-color:#abb7c29c;color:#abb7c29c\"\/>\n\n\n\n<div style=\"height:30px\" aria-hidden=\"true\" class=\"wp-block-spacer\"><\/div>\n\n\n\n<p><\/p>\n\n\n<div id=\"filebird-document-library\">\n\t<div class=\"njt-fbdl\" data-json=\"{&quot;request&quot;:{&quot;pagination&quot;:{&quot;current&quot;:1,&quot;limit&quot;:10},&quot;search&quot;:&quot;&quot;,&quot;orderBy&quot;:&quot;post_title&quot;,&quot;orderType&quot;:&quot;DESC&quot;,&quot;selectedFolder&quot;:[&quot;1767&quot;]},&quot;layout&quot;:&quot;list&quot;,&quot;title&quot;:&quot;Viti 2022&quot;,&quot;column&quot;:4}\"><\/div>\n<\/div>\n\t\t\n\n\n<div style=\"height:30px\" aria-hidden=\"true\" class=\"wp-block-spacer\"><\/div>\n\n\n\n<hr class=\"wp-block-separator has-text-color has-alpha-channel-opacity has-background is-style-wide\" style=\"background-color:#abb7c2bf;color:#abb7c2bf\"\/>\n\n\n\n<div style=\"height:30px\" aria-hidden=\"true\" class=\"wp-block-spacer\"><\/div>\n\n\n<div id=\"filebird-document-library\">\n\t<div class=\"njt-fbdl\" data-json=\"{&quot;request&quot;:{&quot;pagination&quot;:{&quot;current&quot;:1,&quot;limit&quot;:10},&quot;search&quot;:&quot;&quot;,&quot;orderBy&quot;:&quot;post_title&quot;,&quot;orderType&quot;:&quot;DESC&quot;,&quot;selectedFolder&quot;:[&quot;1766&quot;]},&quot;layout&quot;:&quot;list&quot;,&quot;title&quot;:&quot;Viti 2021&quot;,&quot;column&quot;:4}\"><\/div>\n<\/div>\n\t\t\n\n\n<div style=\"height:30px\" aria-hidden=\"true\" class=\"wp-block-spacer\"><\/div>\n\n\n\n<hr class=\"wp-block-separator has-text-color has-alpha-channel-opacity has-background is-style-wide\" style=\"background-color:#abb7c2bf;color:#abb7c2bf\"\/>\n\n\n\n<div style=\"height:30px\" aria-hidden=\"true\" class=\"wp-block-spacer\"><\/div>\n\n\n<div id=\"filebird-document-library\">\n\t<div class=\"njt-fbdl\" data-json=\"{&quot;request&quot;:{&quot;pagination&quot;:{&quot;current&quot;:1,&quot;limit&quot;:10},&quot;search&quot;:&quot;&quot;,&quot;orderBy&quot;:&quot;post_title&quot;,&quot;orderType&quot;:&quot;DESC&quot;,&quot;selectedFolder&quot;:[&quot;1765&quot;]},&quot;layout&quot;:&quot;list&quot;,&quot;title&quot;:&quot;Viti 2020&quot;,&quot;column&quot;:4}\"><\/div>\n<\/div>\n\t\t\n\n\n<div style=\"height:30px\" aria-hidden=\"true\" class=\"wp-block-spacer\"><\/div>\n\n\n\n<hr class=\"wp-block-separator has-text-color has-alpha-channel-opacity has-background is-style-wide\" style=\"background-color:#abb7c2bf;color:#abb7c2bf\"\/>\n\n\n\n<div style=\"height:30px\" aria-hidden=\"true\" class=\"wp-block-spacer\"><\/div>\n\n\n<div id=\"filebird-document-library\">\n\t<div class=\"njt-fbdl\" data-json=\"{&quot;request&quot;:{&quot;pagination&quot;:{&quot;current&quot;:1,&quot;limit&quot;:10},&quot;search&quot;:&quot;&quot;,&quot;orderBy&quot;:&quot;post_title&quot;,&quot;orderType&quot;:&quot;DESC&quot;,&quot;selectedFolder&quot;:[&quot;1764&quot;]},&quot;layout&quot;:&quot;list&quot;,&quot;title&quot;:&quot;Viti 2019&quot;,&quot;column&quot;:4}\"><\/div>\n<\/div>\n\t\t\n\n\n<div style=\"height:30px\" aria-hidden=\"true\" class=\"wp-block-spacer\"><\/div>\n\n\n\n<hr class=\"wp-block-separator has-text-color has-alpha-channel-opacity has-background is-style-wide\" style=\"background-color:#abb7c2bf;color:#abb7c2bf\"\/>\n\n\n\n<div style=\"height:30px\" aria-hidden=\"true\" class=\"wp-block-spacer\"><\/div>\n\n\n<div id=\"filebird-document-library\">\n\t<div class=\"njt-fbdl\" data-json=\"{&quot;request&quot;:{&quot;pagination&quot;:{&quot;current&quot;:1,&quot;limit&quot;:10},&quot;search&quot;:&quot;&quot;,&quot;orderBy&quot;:&quot;post_title&quot;,&quot;orderType&quot;:&quot;DESC&quot;,&quot;selectedFolder&quot;:[&quot;1763&quot;]},&quot;layout&quot;:&quot;list&quot;,&quot;title&quot;:&quot;Viti 2018&quot;,&quot;column&quot;:4}\"><\/div>\n<\/div>\n\t\t\n\n\n<div style=\"height:30px\" aria-hidden=\"true\" class=\"wp-block-spacer\"><\/div>\n\n\n\n<hr class=\"wp-block-separator has-text-color has-alpha-channel-opacity has-background is-style-wide\" style=\"background-color:#abb7c2bf;color:#abb7c2bf\"\/>\n\n\n\n<div style=\"height:30px\" aria-hidden=\"true\" class=\"wp-block-spacer\"><\/div>\n\n\n<div id=\"filebird-document-library\">\n\t<div class=\"njt-fbdl\" data-json=\"{&quot;request&quot;:{&quot;pagination&quot;:{&quot;current&quot;:1,&quot;limit&quot;:10},&quot;search&quot;:&quot;&quot;,&quot;orderBy&quot;:&quot;post_title&quot;,&quot;orderType&quot;:&quot;DESC&quot;,&quot;selectedFolder&quot;:[&quot;1762&quot;]},&quot;layout&quot;:&quot;list&quot;,&quot;title&quot;:&quot;Viti 2017&quot;,&quot;column&quot;:4}\"><\/div>\n<\/div>\n\t\t","protected":false},"excerpt":{"rendered":"<p>Kompania e Ujitjes Radoniqi-Dukagjini sh.a. \u2013 Kontratat e lidhura pa [&hellip;]<\/p>\n","protected":false},"author":1,"featured_media":0,"parent":0,"menu_order":0,"comment_status":"closed","ping_status":"closed","template":"","meta":{"pgc_sgb_lightbox_settings":""},"_links":{"self":[{"href":"https:\/\/me.rks-gov.net\/njpmnp\/wp-json\/wp\/v2\/pages\/14009"}],"collection":[{"href":"https:\/\/me.rks-gov.net\/njpmnp\/wp-json\/wp\/v2\/pages"}],"about":[{"href":"https:\/\/me.rks-gov.net\/njpmnp\/wp-json\/wp\/v2\/types\/page"}],"author":[{"embeddable":true,"href":"https:\/\/me.rks-gov.net\/njpmnp\/wp-json\/wp\/v2\/users\/1"}],"replies":[{"embeddable":true,"href":"https:\/\/me.rks-gov.net\/njpmnp\/wp-json\/wp\/v2\/comments?post=14009"}],"version-history":[{"count":4,"href":"https:\/\/me.rks-gov.net\/njpmnp\/wp-json\/wp\/v2\/pages\/14009\/revisions"}],"predecessor-version":[{"id":14109,"href":"https:\/\/me.rks-gov.net\/njpmnp\/wp-json\/wp\/v2\/pages\/14009\/revisions\/14109"}],"wp:attachment":[{"href":"https:\/\/me.rks-gov.net\/njpmnp\/wp-json\/wp\/v2\/media?parent=14009"}],"curies":[{"name":"wp","href":"https:\/\/api.w.org\/{rel}","templated":true}]}}