{"id":13739,"date":"2023-06-13T08:10:21","date_gmt":"2023-06-13T08:10:21","guid":{"rendered":"https:\/\/me.rks-gov.net\/njpmnp\/?page_id=13739"},"modified":"2025-04-30T12:51:52","modified_gmt":"2025-04-30T12:51:52","slug":"telekomi-i-kosoves-sh-a-raportet-e-kenaqshmerise-se-konsumatorit","status":"publish","type":"page","link":"https:\/\/me.rks-gov.net\/njpmnp\/telekomi-i-kosoves-sh-a-raportet-e-kenaqshmerise-se-konsumatorit\/","title":{"rendered":"Telekomi i Kosov\u00ebs sh.a. \u2013 Raportet e K\u00ebnaqshm\u00ebris\u00eb s\u00eb konsumatorit"},"content":{"rendered":"\r\n<h3>Telekomi i Kosov\u00ebs sh.a. \u2013 Raportet e K\u00ebnaqshm\u00ebris\u00eb s\u00eb konsumatorit<\/h3>\r\n\r\n\r\n\r\n<hr class=\"wp-block-separator has-text-color has-alpha-channel-opacity has-background is-style-wide\" style=\"background-color:#abb7c29c;color:#abb7c29c\"\/>\r\n\r\n\r\n\r\n<div style=\"height:30px\" aria-hidden=\"true\" class=\"wp-block-spacer\"><\/div>\r\n\r\n\r\n<div id=\"filebird-document-library\">\n\t<div class=\"njt-fbdl\" data-json=\"{&quot;request&quot;:{&quot;pagination&quot;:{&quot;current&quot;:1,&quot;limit&quot;:10},&quot;search&quot;:&quot;&quot;,&quot;orderBy&quot;:&quot;post_title&quot;,&quot;orderType&quot;:&quot;DESC&quot;,&quot;selectedFolder&quot;:[&quot;2679&quot;]},&quot;layout&quot;:&quot;list&quot;,&quot;title&quot;:&quot;Viti 2024&quot;,&quot;column&quot;:4}\"><\/div>\n<\/div>\n\t\t\r\n\r\n<div id=\"filebird-document-library\">\n\t<div class=\"njt-fbdl\" data-json=\"{&quot;request&quot;:{&quot;pagination&quot;:{&quot;current&quot;:1,&quot;limit&quot;:10},&quot;search&quot;:&quot;&quot;,&quot;orderBy&quot;:&quot;post_title&quot;,&quot;orderType&quot;:&quot;DESC&quot;,&quot;selectedFolder&quot;:[&quot;704&quot;]},&quot;layout&quot;:&quot;list&quot;,&quot;title&quot;:&quot;Viti 2023&quot;,&quot;column&quot;:4}\"><\/div>\n<\/div>\n\t\t\r\n\r\n<div id=\"filebird-document-library\">\n\t<div class=\"njt-fbdl\" data-json=\"{&quot;request&quot;:{&quot;pagination&quot;:{&quot;current&quot;:1,&quot;limit&quot;:10},&quot;search&quot;:&quot;&quot;,&quot;orderBy&quot;:&quot;post_title&quot;,&quot;orderType&quot;:&quot;DESC&quot;,&quot;selectedFolder&quot;:[&quot;703&quot;]},&quot;layout&quot;:&quot;list&quot;,&quot;title&quot;:&quot;Viti 2022&quot;,&quot;column&quot;:4}\"><\/div>\n<\/div>\n\t\t\r\n\r\n\r\n<div style=\"height:30px\" aria-hidden=\"true\" class=\"wp-block-spacer\"><\/div>\r\n\r\n\r\n\r\n<hr class=\"wp-block-separator has-text-color has-alpha-channel-opacity has-background is-style-wide\" style=\"background-color:#abb7c2bf;color:#abb7c2bf\"\/>\r\n\r\n\r\n\r\n<div style=\"height:30px\" aria-hidden=\"true\" class=\"wp-block-spacer\"><\/div>\r\n\r\n\r\n<div id=\"filebird-document-library\">\n\t<div class=\"njt-fbdl\" data-json=\"{&quot;request&quot;:{&quot;pagination&quot;:{&quot;current&quot;:1,&quot;limit&quot;:10},&quot;search&quot;:&quot;&quot;,&quot;orderBy&quot;:&quot;post_title&quot;,&quot;orderType&quot;:&quot;DESC&quot;,&quot;selectedFolder&quot;:[&quot;702&quot;]},&quot;layout&quot;:&quot;list&quot;,&quot;title&quot;:&quot;Viti 2021&quot;,&quot;column&quot;:4}\"><\/div>\n<\/div>\n\t\t\r\n\r\n\r\n<div style=\"height:30px\" aria-hidden=\"true\" class=\"wp-block-spacer\"><\/div>\r\n\r\n\r\n\r\n<hr class=\"wp-block-separator has-text-color has-alpha-channel-opacity has-background is-style-wide\" style=\"background-color:#abb7c2bf;color:#abb7c2bf\"\/>\r\n\r\n\r\n\r\n<div style=\"height:30px\" aria-hidden=\"true\" class=\"wp-block-spacer\"><\/div>\r\n\r\n\r\n<div id=\"filebird-document-library\">\n\t<div class=\"njt-fbdl\" data-json=\"{&quot;request&quot;:{&quot;pagination&quot;:{&quot;current&quot;:1,&quot;limit&quot;:10},&quot;search&quot;:&quot;&quot;,&quot;orderBy&quot;:&quot;post_title&quot;,&quot;orderType&quot;:&quot;DESC&quot;,&quot;selectedFolder&quot;:[&quot;701&quot;]},&quot;layout&quot;:&quot;list&quot;,&quot;title&quot;:&quot;Viti 2020&quot;,&quot;column&quot;:4}\"><\/div>\n<\/div>\n\t\t\r\n\r\n\r\n<div style=\"height:30px\" aria-hidden=\"true\" class=\"wp-block-spacer\"><\/div>\r\n\r\n\r\n\r\n<hr class=\"wp-block-separator has-text-color has-alpha-channel-opacity has-background is-style-wide\" style=\"background-color:#abb7c2bf;color:#abb7c2bf\"\/>\r\n\r\n\r\n\r\n<div style=\"height:30px\" aria-hidden=\"true\" class=\"wp-block-spacer\"><\/div>\r\n\r\n\r\n<div id=\"filebird-document-library\">\n\t<div class=\"njt-fbdl\" data-json=\"{&quot;request&quot;:{&quot;pagination&quot;:{&quot;current&quot;:1,&quot;limit&quot;:10},&quot;search&quot;:&quot;&quot;,&quot;orderBy&quot;:&quot;post_title&quot;,&quot;orderType&quot;:&quot;DESC&quot;,&quot;selectedFolder&quot;:[&quot;700&quot;]},&quot;layout&quot;:&quot;list&quot;,&quot;title&quot;:&quot;Viti 2019&quot;,&quot;column&quot;:4}\"><\/div>\n<\/div>\n\t\t\r\n\r\n\r\n<div style=\"height:30px\" aria-hidden=\"true\" class=\"wp-block-spacer\"><\/div>\r\n\r\n\r\n\r\n<hr class=\"wp-block-separator has-text-color has-alpha-channel-opacity has-background is-style-wide\" style=\"background-color:#abb7c2bf;color:#abb7c2bf\"\/>\r\n\r\n\r\n\r\n<div style=\"height:30px\" aria-hidden=\"true\" class=\"wp-block-spacer\"><\/div>\r\n\r\n\r\n<div id=\"filebird-document-library\">\n\t<div class=\"njt-fbdl\" data-json=\"{&quot;request&quot;:{&quot;pagination&quot;:{&quot;current&quot;:1,&quot;limit&quot;:10},&quot;search&quot;:&quot;&quot;,&quot;orderBy&quot;:&quot;post_title&quot;,&quot;orderType&quot;:&quot;DESC&quot;,&quot;selectedFolder&quot;:[&quot;692&quot;]},&quot;layout&quot;:&quot;list&quot;,&quot;title&quot;:&quot;Viti 2018&quot;,&quot;column&quot;:4}\"><\/div>\n<\/div>\n\t\t\r\n\r\n\r\n<div style=\"height:30px\" aria-hidden=\"true\" class=\"wp-block-spacer\"><\/div>\r\n\r\n\r\n\r\n<hr class=\"wp-block-separator has-text-color has-alpha-channel-opacity has-background is-style-wide\" style=\"background-color:#abb7c2bf;color:#abb7c2bf\"\/>\r\n\r\n\r\n\r\n<div style=\"height:30px\" aria-hidden=\"true\" class=\"wp-block-spacer\"><\/div>\r\n\r\n\r\n<div id=\"filebird-document-library\">\n\t<div class=\"njt-fbdl\" data-json=\"{&quot;request&quot;:{&quot;pagination&quot;:{&quot;current&quot;:1,&quot;limit&quot;:10},&quot;search&quot;:&quot;&quot;,&quot;orderBy&quot;:&quot;post_title&quot;,&quot;orderType&quot;:&quot;DESC&quot;,&quot;selectedFolder&quot;:[&quot;691&quot;]},&quot;layout&quot;:&quot;list&quot;,&quot;title&quot;:&quot;Viti 2017&quot;,&quot;column&quot;:4}\"><\/div>\n<\/div>\n\t\t","protected":false},"excerpt":{"rendered":"<p>Telekomi i Kosov\u00ebs sh.a. \u2013 Raportet e K\u00ebnaqshm\u00ebris\u00eb s\u00eb konsumatorit<\/p>\n","protected":false},"author":1,"featured_media":0,"parent":0,"menu_order":0,"comment_status":"closed","ping_status":"closed","template":"","meta":{"pgc_sgb_lightbox_settings":""},"_links":{"self":[{"href":"https:\/\/me.rks-gov.net\/njpmnp\/wp-json\/wp\/v2\/pages\/13739"}],"collection":[{"href":"https:\/\/me.rks-gov.net\/njpmnp\/wp-json\/wp\/v2\/pages"}],"about":[{"href":"https:\/\/me.rks-gov.net\/njpmnp\/wp-json\/wp\/v2\/types\/page"}],"author":[{"embeddable":true,"href":"https:\/\/me.rks-gov.net\/njpmnp\/wp-json\/wp\/v2\/users\/1"}],"replies":[{"embeddable":true,"href":"https:\/\/me.rks-gov.net\/njpmnp\/wp-json\/wp\/v2\/comments?post=13739"}],"version-history":[{"count":5,"href":"https:\/\/me.rks-gov.net\/njpmnp\/wp-json\/wp\/v2\/pages\/13739\/revisions"}],"predecessor-version":[{"id":15855,"href":"https:\/\/me.rks-gov.net\/njpmnp\/wp-json\/wp\/v2\/pages\/13739\/revisions\/15855"}],"wp:attachment":[{"href":"https:\/\/me.rks-gov.net\/njpmnp\/wp-json\/wp\/v2\/media?parent=13739"}],"curies":[{"name":"wp","href":"https:\/\/api.w.org\/{rel}","templated":true}]}}