{"id":13694,"date":"2023-06-13T07:20:01","date_gmt":"2023-06-13T07:20:01","guid":{"rendered":"https:\/\/me.rks-gov.net\/njpmnp\/?page_id=13694"},"modified":"2023-06-13T09:24:28","modified_gmt":"2023-06-13T09:24:28","slug":"telekomi-i-kosoves-sh-a-kontratat-dhe-kompensimet","status":"publish","type":"page","link":"https:\/\/me.rks-gov.net\/njpmnp\/telekomi-i-kosoves-sh-a-kontratat-dhe-kompensimet\/","title":{"rendered":"Telekomi i Kosov\u00ebs sh.a. \u2013 Kontratat dhe Kompensimet"},"content":{"rendered":"<div class=\"fusion-fullwidth fullwidth-box fusion-builder-row-1 fusion-flex-container nonhundred-percent-fullwidth non-hundred-percent-height-scrolling\" style=\"background-color: rgba(255,255,255,0);background-position: center center;background-repeat: no-repeat;border-width: 0px 0px 0px 0px;border-color:var(--awb-color3);border-style:solid;\" ><div class=\"fusion-builder-row fusion-row fusion-flex-align-items-flex-start\" style=\"max-width:1664px;margin-left: calc(-4% \/ 2 );margin-right: calc(-4% \/ 2 );\"><div class=\"fusion-layout-column fusion_builder_column fusion-builder-column-0 fusion_builder_column_1_1 1_1 fusion-flex-column\"><div class=\"fusion-column-wrapper fusion-flex-justify-content-flex-start fusion-content-layout-column\" style=\"background-position:left top;background-repeat:no-repeat;-webkit-background-size:cover;-moz-background-size:cover;-o-background-size:cover;background-size:cover;padding: 0px 0px 0px 0px;\"><div class=\"fusion-text fusion-text-1\"><h3><strong>Telekomi i Kosov\u00ebs sh.a. \u2013 Kontratat dhe Kompensimet<\/strong><\/h3>\n<\/div><div class=\"fusion-text fusion-text-2\"><ul>\n<li><strong><a style=\"font-size: 18px;\" href=\"https:\/\/me.rks-gov.net\/njpmnp\/telekomi-i-kosoves-sh-a-kompensimet\/\">Telekomi i Kosov\u00ebs sh.a. \u2013 Kompensimet<\/a><\/strong><br \/>\n<hr \/>\n<\/li>\n<li><strong><a style=\"font-size: 18px;\" href=\"https:\/\/me.rks-gov.net\/njpmnp\/telekomi-i-kosoves-sh-a-kontratat-e-lidhura-pa-shfrytezim-te-procedures-konkurruese\/\">Telekomi i Kosov\u00ebs sh.a. \u2013 Kontratat e lidhura pa shfryt\u00ebzim t\u00eb procedur\u00ebs konkurruese<\/a><\/strong><br \/>\n<hr \/>\n<\/li>\n<li><strong><a style=\"font-size: 18px;\" href=\"https:\/\/me.rks-gov.net\/njpmnp\/telekomi-i-kosoves-sh-a-kontratat-e-prokurimit-me-vlere-te-madhe\/\">Telekomi i Kosov\u00ebs sh.a. \u2013 Kontratat e prokurimit me vler\u00eb t\u00eb madhe<\/a><\/strong><br \/>\n<hr \/>\n<\/li>\n<li><strong><a style=\"font-size: 18px;\" href=\"https:\/\/me.rks-gov.net\/njpmnp\/telekomi-i-kosoves-sh-a-lista-e-10-furnizuesve-per-nga-vlera-e-furnizimit\/\">Telekomi i Kosov\u00ebs sh.a. \u2013 Lista e 10 furnizuesve p\u00ebr nga vlera e furnizimit<\/a><\/strong><br \/>\n<hr \/>\n<\/li>\n<\/ul>\n<\/div><\/div><style type=\"text\/css\">.fusion-body .fusion-builder-column-0{width:100% !important;margin-top : 0px;margin-bottom : 20px;}.fusion-builder-column-0 > .fusion-column-wrapper {padding-top : 0px !important;padding-right : 0px !important;margin-right : 1.92%;padding-bottom : 0px !important;padding-left : 0px !important;margin-left : 1.92%;}@media only screen and (max-width:1150px) {.fusion-body .fusion-builder-column-0{width:100% !important;order : 0;}.fusion-builder-column-0 > .fusion-column-wrapper {margin-right : 1.92%;margin-left : 1.92%;}}@media only screen and (max-width:640px) {.fusion-body .fusion-builder-column-0{width:100% !important;order : 0;}.fusion-builder-column-0 > .fusion-column-wrapper {margin-right : 1.92%;margin-left : 1.92%;}}<\/style><\/div><\/div><style type=\"text\/css\">.fusion-body .fusion-flex-container.fusion-builder-row-1{ padding-top : 0px;margin-top : 0px;padding-right : 0px;padding-bottom : 0px;margin-bottom : 0px;padding-left : 0px;}<\/style><\/div>\n","protected":false},"excerpt":{"rendered":"","protected":false},"author":1,"featured_media":0,"parent":0,"menu_order":0,"comment_status":"closed","ping_status":"closed","template":"","meta":{"pgc_sgb_lightbox_settings":""},"_links":{"self":[{"href":"https:\/\/me.rks-gov.net\/njpmnp\/wp-json\/wp\/v2\/pages\/13694"}],"collection":[{"href":"https:\/\/me.rks-gov.net\/njpmnp\/wp-json\/wp\/v2\/pages"}],"about":[{"href":"https:\/\/me.rks-gov.net\/njpmnp\/wp-json\/wp\/v2\/types\/page"}],"author":[{"embeddable":true,"href":"https:\/\/me.rks-gov.net\/njpmnp\/wp-json\/wp\/v2\/users\/1"}],"replies":[{"embeddable":true,"href":"https:\/\/me.rks-gov.net\/njpmnp\/wp-json\/wp\/v2\/comments?post=13694"}],"version-history":[{"count":6,"href":"https:\/\/me.rks-gov.net\/njpmnp\/wp-json\/wp\/v2\/pages\/13694\/revisions"}],"predecessor-version":[{"id":13843,"href":"https:\/\/me.rks-gov.net\/njpmnp\/wp-json\/wp\/v2\/pages\/13694\/revisions\/13843"}],"wp:attachment":[{"href":"https:\/\/me.rks-gov.net\/njpmnp\/wp-json\/wp\/v2\/media?parent=13694"}],"curies":[{"name":"wp","href":"https:\/\/api.w.org\/{rel}","templated":true}]}}