{"id":13651,"date":"2023-06-12T11:14:27","date_gmt":"2023-06-12T11:14:27","guid":{"rendered":"https:\/\/me.rks-gov.net\/njpmnp\/?page_id=13651"},"modified":"2023-06-12T11:35:07","modified_gmt":"2023-06-12T11:35:07","slug":"kmdk-sh-a-kontratat-e-lidhura-pa-shfrytezim-te-procedures-konkurruese","status":"publish","type":"page","link":"https:\/\/me.rks-gov.net\/njpmnp\/kmdk-sh-a-kontratat-e-lidhura-pa-shfrytezim-te-procedures-konkurruese\/","title":{"rendered":"KMDK sh.a. \u2013 Kontratat e lidhura pa shfryt\u00ebzim t\u00eb procedur\u00ebs konkurruese"},"content":{"rendered":"\n<h3>KMDK sh.a. \u2013 Kontratat e lidhura pa shfryt\u00ebzim t\u00eb procedur\u00ebs konkurruese<\/h3>\n","protected":false},"excerpt":{"rendered":"<p>KMDK sh.a. \u2013 Kontratat e lidhura pa shfryt\u00ebzim t\u00eb procedur\u00ebs [&hellip;]<\/p>\n","protected":false},"author":1,"featured_media":0,"parent":0,"menu_order":0,"comment_status":"closed","ping_status":"closed","template":"","meta":{"pgc_sgb_lightbox_settings":""},"_links":{"self":[{"href":"https:\/\/me.rks-gov.net\/njpmnp\/wp-json\/wp\/v2\/pages\/13651"}],"collection":[{"href":"https:\/\/me.rks-gov.net\/njpmnp\/wp-json\/wp\/v2\/pages"}],"about":[{"href":"https:\/\/me.rks-gov.net\/njpmnp\/wp-json\/wp\/v2\/types\/page"}],"author":[{"embeddable":true,"href":"https:\/\/me.rks-gov.net\/njpmnp\/wp-json\/wp\/v2\/users\/1"}],"replies":[{"embeddable":true,"href":"https:\/\/me.rks-gov.net\/njpmnp\/wp-json\/wp\/v2\/comments?post=13651"}],"version-history":[{"count":3,"href":"https:\/\/me.rks-gov.net\/njpmnp\/wp-json\/wp\/v2\/pages\/13651\/revisions"}],"predecessor-version":[{"id":13676,"href":"https:\/\/me.rks-gov.net\/njpmnp\/wp-json\/wp\/v2\/pages\/13651\/revisions\/13676"}],"wp:attachment":[{"href":"https:\/\/me.rks-gov.net\/njpmnp\/wp-json\/wp\/v2\/media?parent=13651"}],"curies":[{"name":"wp","href":"https:\/\/api.w.org\/{rel}","templated":true}]}}