{"id":13599,"date":"2023-06-12T09:26:49","date_gmt":"2023-06-12T09:26:49","guid":{"rendered":"https:\/\/me.rks-gov.net\/njpmnp\/?page_id=13599"},"modified":"2023-06-12T09:58:14","modified_gmt":"2023-06-12T09:58:14","slug":"posta-e-kosoves-sh-a-kontratat-e-lidhura-pa-shfrytezim-te-procedures-konkurruese","status":"publish","type":"page","link":"https:\/\/me.rks-gov.net\/njpmnp\/posta-e-kosoves-sh-a-kontratat-e-lidhura-pa-shfrytezim-te-procedures-konkurruese\/","title":{"rendered":"Posta e Kosov\u00ebs sh.a. &#8211; Kontratat e lidhura pa shfryt\u00ebzim t\u00eb procedur\u00ebs konkurruese"},"content":{"rendered":"\n<h3>Posta e Kosov\u00ebs sh.a. \u2013 Kontratat e lidhura pa shfryt\u00ebzim t\u00eb procedur\u00ebs konkurruese<\/h3>\n","protected":false},"excerpt":{"rendered":"<p>Posta e Kosov\u00ebs sh.a. \u2013 Kontratat e lidhura pa shfryt\u00ebzim [&hellip;]<\/p>\n","protected":false},"author":1,"featured_media":0,"parent":0,"menu_order":0,"comment_status":"closed","ping_status":"closed","template":"","meta":{"pgc_sgb_lightbox_settings":""},"_links":{"self":[{"href":"https:\/\/me.rks-gov.net\/njpmnp\/wp-json\/wp\/v2\/pages\/13599"}],"collection":[{"href":"https:\/\/me.rks-gov.net\/njpmnp\/wp-json\/wp\/v2\/pages"}],"about":[{"href":"https:\/\/me.rks-gov.net\/njpmnp\/wp-json\/wp\/v2\/types\/page"}],"author":[{"embeddable":true,"href":"https:\/\/me.rks-gov.net\/njpmnp\/wp-json\/wp\/v2\/users\/1"}],"replies":[{"embeddable":true,"href":"https:\/\/me.rks-gov.net\/njpmnp\/wp-json\/wp\/v2\/comments?post=13599"}],"version-history":[{"count":2,"href":"https:\/\/me.rks-gov.net\/njpmnp\/wp-json\/wp\/v2\/pages\/13599\/revisions"}],"predecessor-version":[{"id":13621,"href":"https:\/\/me.rks-gov.net\/njpmnp\/wp-json\/wp\/v2\/pages\/13599\/revisions\/13621"}],"wp:attachment":[{"href":"https:\/\/me.rks-gov.net\/njpmnp\/wp-json\/wp\/v2\/media?parent=13599"}],"curies":[{"name":"wp","href":"https:\/\/api.w.org\/{rel}","templated":true}]}}