{"id":13482,"date":"2023-06-10T18:25:33","date_gmt":"2023-06-10T18:25:33","guid":{"rendered":"https:\/\/me.rks-gov.net\/njpmnp\/?page_id=13482"},"modified":"2023-07-25T12:29:10","modified_gmt":"2023-07-25T12:29:10","slug":"kek-sh-a-raportet-e-kenaqshmerise-se-konsumatorit","status":"publish","type":"page","link":"https:\/\/me.rks-gov.net\/njpmnp\/kek-sh-a-raportet-e-kenaqshmerise-se-konsumatorit\/","title":{"rendered":"KEK sh.a. \u2013 Raportet e K\u00ebnaqshm\u00ebris\u00eb s\u00eb konsumatorit"},"content":{"rendered":"\n<h3>KEK sh.a. \u2013 Raportet e K\u00ebnaqshm\u00ebris\u00eb s\u00eb konsumatorit<\/h3>\n\n\n\n<hr class=\"wp-block-separator has-text-color has-alpha-channel-opacity has-background is-style-wide\" style=\"background-color:#abb7c2bf;color:#abb7c2bf\"\/>\n\n\n\n<div style=\"height:30px\" aria-hidden=\"true\" class=\"wp-block-spacer\"><\/div>\n\n\n\n<ul><li><strong>Raporti i K\u00ebnaq\u00ebshm\u00ebris\u00eb s\u00eb Konsumatorit nuk aplikohet p\u00ebr NP KEK-sha nga viti 2013, \u00a0pasi q\u00eb nuk ofron Sh\u00ebrbime Universale p\u00ebr konsumator\u00ebt\u00a0 dhe \u00a0t\u00eb vetmit klient\/partner kontraktual i kan\u00eb: KEDS, KOSCO dhe KOSTT.<\/strong><\/li><\/ul>\n","protected":false},"excerpt":{"rendered":"<p>KEK sh.a. \u2013 Raportet e K\u00ebnaqshm\u00ebris\u00eb s\u00eb konsumatorit Raporti i [&hellip;]<\/p>\n","protected":false},"author":1,"featured_media":0,"parent":0,"menu_order":0,"comment_status":"closed","ping_status":"closed","template":"","meta":{"pgc_sgb_lightbox_settings":""},"_links":{"self":[{"href":"https:\/\/me.rks-gov.net\/njpmnp\/wp-json\/wp\/v2\/pages\/13482"}],"collection":[{"href":"https:\/\/me.rks-gov.net\/njpmnp\/wp-json\/wp\/v2\/pages"}],"about":[{"href":"https:\/\/me.rks-gov.net\/njpmnp\/wp-json\/wp\/v2\/types\/page"}],"author":[{"embeddable":true,"href":"https:\/\/me.rks-gov.net\/njpmnp\/wp-json\/wp\/v2\/users\/1"}],"replies":[{"embeddable":true,"href":"https:\/\/me.rks-gov.net\/njpmnp\/wp-json\/wp\/v2\/comments?post=13482"}],"version-history":[{"count":4,"href":"https:\/\/me.rks-gov.net\/njpmnp\/wp-json\/wp\/v2\/pages\/13482\/revisions"}],"predecessor-version":[{"id":14912,"href":"https:\/\/me.rks-gov.net\/njpmnp\/wp-json\/wp\/v2\/pages\/13482\/revisions\/14912"}],"wp:attachment":[{"href":"https:\/\/me.rks-gov.net\/njpmnp\/wp-json\/wp\/v2\/media?parent=13482"}],"curies":[{"name":"wp","href":"https:\/\/api.w.org\/{rel}","templated":true}]}}