{"id":13309,"date":"2023-06-10T10:11:27","date_gmt":"2023-06-10T10:11:27","guid":{"rendered":"https:\/\/me.rks-gov.net\/njpmnp\/?page_id=13309"},"modified":"2023-06-10T10:20:30","modified_gmt":"2023-06-10T10:20:30","slug":"trepca-sh-a-kontratat-e-lidhura-pa-shfrytezim-te-procedures-konkurruese","status":"publish","type":"page","link":"https:\/\/me.rks-gov.net\/njpmnp\/trepca-sh-a-kontratat-e-lidhura-pa-shfrytezim-te-procedures-konkurruese\/","title":{"rendered":"Trep\u00e7a sh.a. &#8211; Kontratat e lidhura pa shfryt\u00ebzim t\u00eb procedur\u00ebs konkurruese"},"content":{"rendered":"\n<h3>Trep\u00e7a sh.a. &#8211; Kontratat e lidhura pa shfryt\u00ebzim t\u00eb procedur\u00ebs konkurruese<\/h3>\n","protected":false},"excerpt":{"rendered":"<p>Trep\u00e7a sh.a. &#8211; Kontratat e lidhura pa shfryt\u00ebzim t\u00eb procedur\u00ebs [&hellip;]<\/p>\n","protected":false},"author":1,"featured_media":0,"parent":0,"menu_order":0,"comment_status":"closed","ping_status":"closed","template":"","meta":{"pgc_sgb_lightbox_settings":""},"_links":{"self":[{"href":"https:\/\/me.rks-gov.net\/njpmnp\/wp-json\/wp\/v2\/pages\/13309"}],"collection":[{"href":"https:\/\/me.rks-gov.net\/njpmnp\/wp-json\/wp\/v2\/pages"}],"about":[{"href":"https:\/\/me.rks-gov.net\/njpmnp\/wp-json\/wp\/v2\/types\/page"}],"author":[{"embeddable":true,"href":"https:\/\/me.rks-gov.net\/njpmnp\/wp-json\/wp\/v2\/users\/1"}],"replies":[{"embeddable":true,"href":"https:\/\/me.rks-gov.net\/njpmnp\/wp-json\/wp\/v2\/comments?post=13309"}],"version-history":[{"count":2,"href":"https:\/\/me.rks-gov.net\/njpmnp\/wp-json\/wp\/v2\/pages\/13309\/revisions"}],"predecessor-version":[{"id":13321,"href":"https:\/\/me.rks-gov.net\/njpmnp\/wp-json\/wp\/v2\/pages\/13309\/revisions\/13321"}],"wp:attachment":[{"href":"https:\/\/me.rks-gov.net\/njpmnp\/wp-json\/wp\/v2\/media?parent=13309"}],"curies":[{"name":"wp","href":"https:\/\/api.w.org\/{rel}","templated":true}]}}