{"id":12734,"date":"2022-08-04T09:30:42","date_gmt":"2022-08-04T09:30:42","guid":{"rendered":"https:\/\/me.rks-gov.net\/njpmnp\/?page_id=12734"},"modified":"2025-04-08T10:25:10","modified_gmt":"2025-04-08T10:25:10","slug":"trainkos-sh-a","status":"publish","type":"page","link":"https:\/\/me.rks-gov.net\/njpmnp\/trainkos-sh-a\/","title":{"rendered":"Trainkos sh.a"},"content":{"rendered":"<div class=\"fusion-fullwidth fullwidth-box fusion-builder-row-1 fusion-flex-container has-pattern-background has-mask-background nonhundred-percent-fullwidth non-hundred-percent-height-scrolling\" style=\"background-color: rgba(255,255,255,0);background-position: center center;background-repeat: no-repeat;border-width: 0px 0px 0px 0px;border-color:var(--awb-color3);border-style:solid;\" ><div class=\"fusion-builder-row fusion-row fusion-flex-align-items-flex-start\" style=\"max-width:1664px;margin-left: calc(-4% \/ 2 );margin-right: calc(-4% \/ 2 );\"><div class=\"fusion-layout-column fusion_builder_column fusion-builder-column-0 fusion_builder_column_1_1 1_1 fusion-flex-column pageMargin\"><div class=\"fusion-column-wrapper fusion-flex-justify-content-flex-start fusion-content-layout-column\" style=\"background-position:left top;background-repeat:no-repeat;-webkit-background-size:cover;-moz-background-size:cover;-o-background-size:cover;background-size:cover;padding: 0px 0px 0px 0px;\"><div class=\"fusion-text fusion-text-1\" style=\"margin-top:15px;\"><h4>Trainkos sh.a<\/h4>\n<\/div><div class=\"fusion-section-separator section-separator bigtriangle fusion-section-separator-1\" style=\"margin-bottom:35px;\"><div class=\"fusion-section-separator-svg\" style=\"padding:0;\"><svg class=\"fusion-big-triangle-candy\" xmlns=\"http:\/\/www.w3.org\/2000\/svg\" version=\"1.1\" width=\"100%\" height=\"100\" viewBox=\"0 0 100 100\" preserveAspectRatio=\"none\" style=\"padding:0;\" fill=\"rgba(249,249,251,1)\"><path d=\"M0 100 L50 2 L100 100 Z\"><\/path><\/svg><\/div><div class=\"fusion-section-separator-spacer\"><div class=\"fusion-section-separator-spacer-height\" style=\"height:99px;\"><\/div><\/div><style type=\"text\/css\">.fusion-section-separator-1 .fusion-section-separator-svg {margin-left:1.92%;margin-right:1.92%;}@media only screen and (max-width:1150px) {.fusion-section-separator-1 .fusion-section-separator-svg {margin-left:1.92%;margin-right:1.92%;}}@media only screen and (max-width:640px) {.fusion-section-separator-1 .fusion-section-separator-svg {margin-left:1.92%;margin-right:1.92%;}}.fusion-section-separator.fusion-section-separator-1 .fusion-section-separator-svg svg,.fusion-section-separator.fusion-section-separator-1 .fusion-section-separator-svg-bg{height:5px;}.fusion-section-separator.fusion-section-separator-1 .fusion-section-separator-spacer-height{height:5px !important;padding-top:inherit !important;}<\/style><\/div><div class=\"fusion-text fusion-text-2\"><ul>\n<li><strong><a style=\"font-size: 18px;\" href=\"https:\/\/me.rks-gov.net\/njpmnp\/trainkos-sh-a-statuti-kodi-struktura-organizative-organogrami\/\">Trainkos sh.a. \u2013 Statuti, kodi, struktura organizative \u2013 organogrami<\/a><\/strong><br \/>\n<hr \/>\n<\/li>\n<li><strong><a style=\"font-size: 18px;\" href=\"https:\/\/me.rks-gov.net\/njpmnp\/trainkos-sh-a-rregulloret\/\">Trainkos sh.a. \u2013 Rregulloret<\/a><\/strong><br \/>\n<hr \/>\n<\/li>\n<li><strong><a style=\"font-size: 18px;\" href=\"https:\/\/me.rks-gov.net\/njpmnp\/trainkos-sh-a-vendimet-e-qeverise-dhe-ministrise-per-ndermarrjet-publike\/\">Trainkos sh.a. \u2013 Vendimet e Qeveris\u00eb dhe Ministris\u00eb p\u00ebr Nd\u00ebrmarrjet Publike<\/a><\/strong><br \/>\n<hr \/>\n<\/li>\n<li><strong><a style=\"font-size: 18px;\" href=\"https:\/\/me.rks-gov.net\/njpmnp\/trainkos-sh-a-planet-e-biznesit\/\">Trainkos sh.a. \u2013 Planet e Biznesit<\/a><\/strong><br \/>\n<hr \/>\n<\/li>\n<li><strong><a style=\"font-size: 18px;\" href=\"https:\/\/me.rks-gov.net\/njpmnp\/trainkos-sh-a-raportet-vjetore\/\">Trainkos sh.a. \u2013 Raportet Vjetore<\/a><\/strong><br \/>\n<hr \/>\n<\/li>\n<li><strong><a style=\"font-size: 18px;\" href=\"https:\/\/me.rks-gov.net\/njpmnp\/trainkos-sh-a-raportet-e-auditorit-te-pavarur-per-pasqyrat-financiare\/\">Trainkos sh.a. \u2013 Raportet e Auditorit t\u00eb Pavarur p\u00ebr Pasqyrat Financiare<\/a><\/strong><br \/>\n<hr \/>\n<\/li>\n<li><strong><a style=\"font-size: 18px;\" href=\"https:\/\/me.rks-gov.net\/njpmnp\/trainkos-sh-a-raportet-e-kenaqshmerise-se-konsumatorit\/\">Trainkos sh.a. \u2013 Raportet e K\u00ebnaqshm\u00ebris\u00eb s\u00eb konsumatorit<\/a><\/strong><br \/>\n<hr \/>\n<\/li>\n<li><strong><a style=\"font-size: 18px;\" href=\"https:\/\/me.rks-gov.net\/njpmnp\/trainkos-sh-a-kontratat-dhe-kompensimet\/\">Trainkos sh.a. \u2013 Kontratat dhe Kompensimet<\/a><\/strong><br \/>\n<hr \/>\n<\/li>\n<li><strong><a style=\"font-size: 18px;\" href=\"https:\/\/me.rks-gov.net\/njpmnp\/trainkos-sh-a-dokumentet-tjera\/\">Trainkos sh.a. \u2013 Dokumentet tjera<\/a><\/strong><br \/>\n<hr \/>\n<\/li>\n<li><strong><a style=\"font-size: 18px;\" href=\"https:\/\/me.rks-gov.net\/njpmnp\/trainkos-sh-a-konfliktet-e-interesit\/\">Trainkos sh.a. \u2013 Konfliktet e Interesit<\/a><\/strong><br \/>\n<hr \/>\n<\/li>\n<\/ul>\n<\/div><\/div><style type=\"text\/css\">.fusion-body .fusion-builder-column-0{width:100% !important;margin-top : 0px;margin-bottom : 20px;}.fusion-builder-column-0 > .fusion-column-wrapper {padding-top : 0px !important;padding-right : 0px !important;margin-right : 1.92%;padding-bottom : 0px !important;padding-left : 0px !important;margin-left : 1.92%;}@media only screen and (max-width:1150px) {.fusion-body .fusion-builder-column-0{width:100% !important;order : 0;}.fusion-builder-column-0 > .fusion-column-wrapper {margin-right : 1.92%;margin-left : 1.92%;}}@media only screen and (max-width:640px) {.fusion-body .fusion-builder-column-0{width:100% !important;order : 0;}.fusion-builder-column-0 > .fusion-column-wrapper {margin-right : 1.92%;margin-left : 1.92%;}}<\/style><\/div><\/div><style type=\"text\/css\">.fusion-body .fusion-flex-container.fusion-builder-row-1{ padding-top : 0px;margin-top : 0px;padding-right : 0px;padding-bottom : 0px;margin-bottom : 0px;padding-left : 0px;}<\/style><\/div>\n","protected":false},"excerpt":{"rendered":"","protected":false},"author":1,"featured_media":0,"parent":0,"menu_order":0,"comment_status":"closed","ping_status":"closed","template":"","meta":{"pgc_sgb_lightbox_settings":""},"_links":{"self":[{"href":"https:\/\/me.rks-gov.net\/njpmnp\/wp-json\/wp\/v2\/pages\/12734"}],"collection":[{"href":"https:\/\/me.rks-gov.net\/njpmnp\/wp-json\/wp\/v2\/pages"}],"about":[{"href":"https:\/\/me.rks-gov.net\/njpmnp\/wp-json\/wp\/v2\/types\/page"}],"author":[{"embeddable":true,"href":"https:\/\/me.rks-gov.net\/njpmnp\/wp-json\/wp\/v2\/users\/1"}],"replies":[{"embeddable":true,"href":"https:\/\/me.rks-gov.net\/njpmnp\/wp-json\/wp\/v2\/comments?post=12734"}],"version-history":[{"count":10,"href":"https:\/\/me.rks-gov.net\/njpmnp\/wp-json\/wp\/v2\/pages\/12734\/revisions"}],"predecessor-version":[{"id":13770,"href":"https:\/\/me.rks-gov.net\/njpmnp\/wp-json\/wp\/v2\/pages\/12734\/revisions\/13770"}],"wp:attachment":[{"href":"https:\/\/me.rks-gov.net\/njpmnp\/wp-json\/wp\/v2\/media?parent=12734"}],"curies":[{"name":"wp","href":"https:\/\/api.w.org\/{rel}","templated":true}]}}