{"id":10030,"date":"2022-08-01T21:57:57","date_gmt":"2022-08-01T21:57:57","guid":{"rendered":"https:\/\/me.rks-gov.net\/njpmnp\/?page_id=10030"},"modified":"2022-08-02T14:20:18","modified_gmt":"2022-08-02T14:20:18","slug":"malo-vise-o-nama","status":"publish","type":"page","link":"https:\/\/me.rks-gov.net\/njpmnp\/sr\/malo-vise-o-nama\/","title":{"rendered":"Malo vi\u0161e o nama"},"content":{"rendered":"<div class=\"fusion-fullwidth fullwidth-box fusion-builder-row-1 fusion-flex-container nonhundred-percent-fullwidth non-hundred-percent-height-scrolling\" style=\"background-color: rgba(255,255,255,0);background-position: center center;background-repeat: no-repeat;border-width: 0px 0px 0px 0px;border-color:var(--awb-color3);border-style:solid;\" ><div class=\"fusion-builder-row fusion-row fusion-flex-align-items-flex-start\" style=\"max-width:1664px;margin-left: calc(-4% \/ 2 );margin-right: calc(-4% \/ 2 );\"><div class=\"fusion-layout-column fusion_builder_column fusion-builder-column-0 fusion_builder_column_1_1 1_1 fusion-flex-column pageMargin\"><div class=\"fusion-column-wrapper fusion-flex-justify-content-flex-start fusion-content-layout-column\" style=\"background-position:left top;background-repeat:no-repeat;-webkit-background-size:cover;-moz-background-size:cover;-o-background-size:cover;background-size:cover;padding: 0px 0px 0px 0px;\"><div class=\"fusion-text fusion-text-1\" style=\"margin-top:15px;\"><h4>Malo vi\u0161e o nama<\/h4>\n<\/div><div class=\"fusion-section-separator section-separator big-half-circle fusion-section-separator-1\" style=\"margin-bottom:35px;\"><div class=\"fusion-section-separator-svg\" style=\"padding:0;\"><svg class=\"fusion-big-half-circle-candy\" xmlns=\"http:\/\/www.w3.org\/2000\/svg\" version=\"1.1\" width=\"100%\" height=\"100\" viewBox=\"0 0 100 100\" preserveAspectRatio=\"none\" style=\"padding:0;\" fill=\"rgba(249,249,251,1)\"><path d=\"M0 100 C40 0 60 0 100 100 Z\"><\/path><\/svg><\/div><div class=\"fusion-section-separator-spacer\"><div class=\"fusion-section-separator-spacer-height\" style=\"height:99px;\"><\/div><\/div><style type=\"text\/css\">.fusion-section-separator-1 .fusion-section-separator-svg {margin-left:1.92%;margin-right:1.92%;}@media only screen and (max-width:1150px) {.fusion-section-separator-1 .fusion-section-separator-svg {margin-left:1.92%;margin-right:1.92%;}}@media only screen and (max-width:640px) {.fusion-section-separator-1 .fusion-section-separator-svg {margin-left:1.92%;margin-right:1.92%;}}.fusion-section-separator.fusion-section-separator-1 .fusion-section-separator-svg svg,.fusion-section-separator.fusion-section-separator-1 .fusion-section-separator-svg-bg{height:5px;}.fusion-section-separator.fusion-section-separator-1 .fusion-section-separator-spacer-height{height:5px !important;padding-top:inherit !important;}<\/style><\/div><div class=\"fusion-text fusion-text-2\" style=\"margin-left:10px;\"><p><strong>Jedinica za politike i nadzor javnih preduze\u0107a<\/strong><\/p>\n<\/div><div class=\"fusion-text fusion-text-3\" style=\"text-align:left;text-transform:none;\"><ol>\n<li>Du\u017enosti i odgovornosti Jedinice za politike i nadzor javnih preduze\u0107a su slede\u0107e:\n<ol>\n<li>Podr\u017eava ministra i Vladu u vr\u0161enju odgovornosti za javna preduze\u0107a;<\/li>\n<li>Priprema i podnosi ministru radi otpravljanja Vladi, analize i preporuke po pitanjima koja se odnose na centralna javna preduze\u0107a koja su u nadle\u017enosti ministra i\/ili Vlade;<\/li>\n<li>Priprema i podnosi ministru predloge procedura za nadzor centralnih javnih preduze\u0107a i nadgleda njihovu usagla\u0161enost sa Zakonom o javnim preduze\u0107ima i relevantnim zakonodavstvom na snazi;<\/li>\n<li>Prikuplja odgovaraju\u0107e podatke o javnim preduze\u0107ima i, po potrebi, pru\u017ea podr\u0161ku Odseku za bud\u017eet i finansije u vezi sa svim aspektima bud\u017eeta Kosova koji se odnose na javna preduze\u0107a;<\/li>\n<li>Prisustvuje sednicama odbora javnih preduze\u0107a u svojstvu posmatra\u010da, u ime akcionara; i<\/li>\n<li>I druge du\u017enosti i odgovornosti utvr\u0111ene u Zakonu o javnim preduze\u0107a, Zakonu o izmenama i dopunama Zakona o javnim preduze\u0107ima i relevantnom zakonodavstvu na snazi.<\/li>\n<\/ol>\n<\/li>\n<li>Rukovodilac Jedinice za politike i nadzor javnih preduze\u0107a izve\u0161tava ministru Ministarstva ekonomskog razvoja.<\/li>\n<li>Jedinica za politike i nadzor javnih preduze\u0107a je na istom strukturalnom nivou sa Odeljenjima.<\/li>\n<li>Broj zaposlenih u Jedinici za politike i nadzor javnih preduze\u0107a je dvanaest (12).<\/li>\n<\/ol>\n<\/div><\/div><style type=\"text\/css\">.fusion-body .fusion-builder-column-0{width:100% !important;margin-top : 0px;margin-bottom : 0px;}.fusion-builder-column-0 > .fusion-column-wrapper {padding-top : 0px !important;padding-right : 0px !important;margin-right : 1.92%;padding-bottom : 0px !important;padding-left : 0px !important;margin-left : 1.92%;}@media only screen and (max-width:1150px) {.fusion-body .fusion-builder-column-0{width:100% !important;order : 0;}.fusion-builder-column-0 > .fusion-column-wrapper {margin-right : 1.92%;margin-left : 1.92%;}}@media only screen and (max-width:640px) {.fusion-body .fusion-builder-column-0{width:100% !important;order : 0;}.fusion-builder-column-0 > .fusion-column-wrapper {margin-right : 1.92%;margin-left : 1.92%;}}<\/style><\/div><\/div><style type=\"text\/css\">.fusion-body .fusion-flex-container.fusion-builder-row-1{ padding-top : 0px;margin-top : 0px;padding-right : 0px;padding-bottom : 0px;margin-bottom : 0px;padding-left : 0px;}<\/style><\/div>\n","protected":false},"excerpt":{"rendered":"","protected":false},"author":1,"featured_media":0,"parent":0,"menu_order":0,"comment_status":"closed","ping_status":"closed","template":"","meta":{"pgc_sgb_lightbox_settings":""},"_links":{"self":[{"href":"https:\/\/me.rks-gov.net\/njpmnp\/wp-json\/wp\/v2\/pages\/10030"}],"collection":[{"href":"https:\/\/me.rks-gov.net\/njpmnp\/wp-json\/wp\/v2\/pages"}],"about":[{"href":"https:\/\/me.rks-gov.net\/njpmnp\/wp-json\/wp\/v2\/types\/page"}],"author":[{"embeddable":true,"href":"https:\/\/me.rks-gov.net\/njpmnp\/wp-json\/wp\/v2\/users\/1"}],"replies":[{"embeddable":true,"href":"https:\/\/me.rks-gov.net\/njpmnp\/wp-json\/wp\/v2\/comments?post=10030"}],"version-history":[{"count":4,"href":"https:\/\/me.rks-gov.net\/njpmnp\/wp-json\/wp\/v2\/pages\/10030\/revisions"}],"predecessor-version":[{"id":10364,"href":"https:\/\/me.rks-gov.net\/njpmnp\/wp-json\/wp\/v2\/pages\/10030\/revisions\/10364"}],"wp:attachment":[{"href":"https:\/\/me.rks-gov.net\/njpmnp\/wp-json\/wp\/v2\/media?parent=10030"}],"curies":[{"name":"wp","href":"https:\/\/api.w.org\/{rel}","templated":true}]}}